{"id":4231,"date":"2025-05-29T07:21:16","date_gmt":"2025-05-29T05:21:16","guid":{"rendered":"https:\/\/hirtenhof-illsitz.com\/?page_id=4231"},"modified":"2025-05-29T08:04:01","modified_gmt":"2025-05-29T06:04:01","slug":"djakni-vom-idablick","status":"publish","type":"page","link":"https:\/\/hirtenhof-illsitz.com\/?page_id=4231","title":{"rendered":"Dj\u00e1kni vom Idablick"},"content":{"rendered":"\n<h2 class=\"wp-block-heading\">Deckhengst &#8211; Dj\u00e1kni vom Idablick<\/h2>\n\n\n\n<div class=\"wp-block-media-text has-media-on-the-right is-stacked-on-mobile\"><div class=\"wp-block-media-text__content\">\n<p>Jahrgang 2022<\/p>\n\n\n\n<p>FEIF-ID: DE2022110686<\/p>\n\n\n\n<p>Vater: Draumur fr\u00e1 Hverager\u00f0i (VV: Spuni fr\u00e1 Vesturkoti)<\/p>\n\n\n\n<p>Mutter: G\u00f3\u00f0a N\u00f3tt vom Panoramahof (MV: Go\u00f0ur-Greifi fr\u00e1 St\u00f3ra-Hofi)<\/p>\n<\/div><figure class=\"wp-block-media-text__media\"><img loading=\"lazy\" decoding=\"async\" width=\"644\" height=\"712\" src=\"http:\/\/hirtenhof-illsitz.com\/wp-content\/uploads\/2025\/05\/WhatsApp-Image-2025-05-28-at-14.54.43-2-e1748497445783.jpeg\" alt=\"\" class=\"wp-image-4234 size-full\" srcset=\"https:\/\/hirtenhof-illsitz.com\/wp-content\/uploads\/2025\/05\/WhatsApp-Image-2025-05-28-at-14.54.43-2-e1748497445783.jpeg 644w, https:\/\/hirtenhof-illsitz.com\/wp-content\/uploads\/2025\/05\/WhatsApp-Image-2025-05-28-at-14.54.43-2-e1748497445783-271x300.jpeg 271w, https:\/\/hirtenhof-illsitz.com\/wp-content\/uploads\/2025\/05\/WhatsApp-Image-2025-05-28-at-14.54.43-2-e1748497445783-543x600.jpeg 543w, https:\/\/hirtenhof-illsitz.com\/wp-content\/uploads\/2025\/05\/WhatsApp-Image-2025-05-28-at-14.54.43-2-e1748497445783-145x160.jpeg 145w\" sizes=\"auto, (max-width: 644px) 100vw, 644px\" \/><\/figure><\/div>\n\n\n\n<div style=\"height:10px\" aria-hidden=\"true\" class=\"wp-block-spacer\"><\/div>\n\n\n\n<div class=\"wp-block-media-text has-media-on-the-right is-stacked-on-mobile\"><div class=\"wp-block-media-text__content\">\n<h4 class=\"wp-block-heading\">K\u00f6rung Ellenbach \/ Kaufungen 29.3.2025<\/h4>\n\n\n\n<p>Exterieur: 8,00<\/p>\n\n\n\n<p>Charakter: 8,10<\/p>\n\n\n\n<p>G\u00e4nge &amp; Bewegung: 7,80<\/p>\n\n\n\n<p><strong>Gesamtnote: 7,92<\/strong><\/p>\n<\/div><figure class=\"wp-block-media-text__media\"><img loading=\"lazy\" decoding=\"async\" width=\"1024\" height=\"856\" src=\"http:\/\/hirtenhof-illsitz.com\/wp-content\/uploads\/2025\/05\/WhatsApp-Image-2025-05-28-at-14.54.43-e1748497801370-1024x856.jpeg\" alt=\"\" class=\"wp-image-4236 size-full\" srcset=\"https:\/\/hirtenhof-illsitz.com\/wp-content\/uploads\/2025\/05\/WhatsApp-Image-2025-05-28-at-14.54.43-e1748497801370-1024x856.jpeg 1024w, https:\/\/hirtenhof-illsitz.com\/wp-content\/uploads\/2025\/05\/WhatsApp-Image-2025-05-28-at-14.54.43-e1748497801370-300x251.jpeg 300w, https:\/\/hirtenhof-illsitz.com\/wp-content\/uploads\/2025\/05\/WhatsApp-Image-2025-05-28-at-14.54.43-e1748497801370-768x642.jpeg 768w, https:\/\/hirtenhof-illsitz.com\/wp-content\/uploads\/2025\/05\/WhatsApp-Image-2025-05-28-at-14.54.43-e1748497801370-600x501.jpeg 600w, https:\/\/hirtenhof-illsitz.com\/wp-content\/uploads\/2025\/05\/WhatsApp-Image-2025-05-28-at-14.54.43-e1748497801370-191x160.jpeg 191w, https:\/\/hirtenhof-illsitz.com\/wp-content\/uploads\/2025\/05\/WhatsApp-Image-2025-05-28-at-14.54.43-e1748497801370.jpeg 1107w\" sizes=\"auto, (max-width: 1024px) 100vw, 1024px\" \/><\/figure><\/div>\n\n\n\n<div style=\"height:10px\" aria-hidden=\"true\" class=\"wp-block-spacer\"><\/div>\n\n\n\n<div class=\"wp-block-media-text is-stacked-on-mobile\"><figure class=\"wp-block-media-text__media\"><img loading=\"lazy\" decoding=\"async\" width=\"924\" height=\"824\" src=\"https:\/\/hirtenhof-illsitz.com\/wp-content\/uploads\/2025\/05\/WhatsApp-Image-2025-05-28-at-14.54.43-1-2-e1748498495423.jpeg\" alt=\"\" class=\"wp-image-4238 size-full\" srcset=\"https:\/\/hirtenhof-illsitz.com\/wp-content\/uploads\/2025\/05\/WhatsApp-Image-2025-05-28-at-14.54.43-1-2-e1748498495423.jpeg 924w, https:\/\/hirtenhof-illsitz.com\/wp-content\/uploads\/2025\/05\/WhatsApp-Image-2025-05-28-at-14.54.43-1-2-e1748498495423-300x268.jpeg 300w, https:\/\/hirtenhof-illsitz.com\/wp-content\/uploads\/2025\/05\/WhatsApp-Image-2025-05-28-at-14.54.43-1-2-e1748498495423-768x685.jpeg 768w, https:\/\/hirtenhof-illsitz.com\/wp-content\/uploads\/2025\/05\/WhatsApp-Image-2025-05-28-at-14.54.43-1-2-e1748498495423-600x535.jpeg 600w, https:\/\/hirtenhof-illsitz.com\/wp-content\/uploads\/2025\/05\/WhatsApp-Image-2025-05-28-at-14.54.43-1-2-e1748498495423-179x160.jpeg 179w\" sizes=\"auto, (max-width: 924px) 100vw, 924px\" \/><\/figure><div class=\"wp-block-media-text__content\">\n<p><strong>Richterspruch:<\/strong><\/p>\n\n\n\n<p>Sehr umg\u00e4nglicher, freundlicher 5g\u00e4ngig veranlagter Junghengst mit raumgreifenden Bewegungen, mittlerer Geschmeidigkeit, zeigte heute viel Galopp.<\/p>\n<\/div><\/div>\n\n\n\n<div style=\"height:52px\" aria-hidden=\"true\" class=\"wp-block-spacer\"><\/div>\n\n\n\n<p>Dj\u00e1kni wird ab 2025 f\u00fcr eine begrenzte Anzahl von Stuten in der Weidebedeckung zur Verf\u00fcgung stehen. Er ist ein extrem unkomplizieter Junghengst, absolut souver\u00e4n und ausgleichend in seiner Herde, dabei mit gen\u00fcgend Pr\u00e4senz f\u00fcr die Chefposition. <\/p>\n\n\n\n<p>Er geht zur\u00fcck auf Spuni fr\u00e1 Vesturkoti und Godur-Greifi fr\u00e1 Stora-Hofi, demnach vereint er eine spannende Genetik mit gutem Gangmaterial und viel T\u00f6lt. <\/p>\n\n\n\n<p>Wir sind gespannt auf seine weitere Entwicklung, er wird 2026 angeritten und soll FIZO vorgestellt werden.<\/p>\n","protected":false},"excerpt":{"rendered":"<p>Deckhengst &#8211; Dj\u00e1kni vom Idablick Jahrgang 2022 FEIF-ID: DE2022110686 Vater: Draumur fr\u00e1 Hverager\u00f0i (VV: Spuni fr\u00e1 Vesturkoti) Mutter: G\u00f3\u00f0a N\u00f3tt vom Panoramahof (MV: Go\u00f0ur-Greifi fr\u00e1 St\u00f3ra-Hofi) K\u00f6rung Ellenbach \/ Kaufungen 29.3.2025 Exterieur: 8,00 Charakter:&#46;&#46;&#46;<\/p>\n","protected":false},"author":2,"featured_media":0,"parent":0,"menu_order":0,"comment_status":"closed","ping_status":"closed","template":"","meta":{"footnotes":""},"class_list":["post-4231","page","type-page","status-publish","hentry"],"_links":{"self":[{"href":"https:\/\/hirtenhof-illsitz.com\/index.php?rest_route=\/wp\/v2\/pages\/4231","targetHints":{"allow":["GET"]}}],"collection":[{"href":"https:\/\/hirtenhof-illsitz.com\/index.php?rest_route=\/wp\/v2\/pages"}],"about":[{"href":"https:\/\/hirtenhof-illsitz.com\/index.php?rest_route=\/wp\/v2\/types\/page"}],"author":[{"embeddable":true,"href":"https:\/\/hirtenhof-illsitz.com\/index.php?rest_route=\/wp\/v2\/users\/2"}],"replies":[{"embeddable":true,"href":"https:\/\/hirtenhof-illsitz.com\/index.php?rest_route=%2Fwp%2Fv2%2Fcomments&post=4231"}],"version-history":[{"count":10,"href":"https:\/\/hirtenhof-illsitz.com\/index.php?rest_route=\/wp\/v2\/pages\/4231\/revisions"}],"predecessor-version":[{"id":4254,"href":"https:\/\/hirtenhof-illsitz.com\/index.php?rest_route=\/wp\/v2\/pages\/4231\/revisions\/4254"}],"wp:attachment":[{"href":"https:\/\/hirtenhof-illsitz.com\/index.php?rest_route=%2Fwp%2Fv2%2Fmedia&parent=4231"}],"curies":[{"name":"wp","href":"https:\/\/api.w.org\/{rel}","templated":true}]}}