{"id":378,"date":"2026-01-01T00:01:00","date_gmt":"2025-12-31T23:01:00","guid":{"rendered":"http:\/\/hirtenhof-illsitz.com\/?page_id=378"},"modified":"2026-01-09T13:59:34","modified_gmt":"2026-01-09T12:59:34","slug":"agbs","status":"publish","type":"page","link":"https:\/\/hirtenhof-illsitz.com\/?page_id=378","title":{"rendered":"AGB\u00b4s"},"content":{"rendered":"\n<h2 class=\"wp-block-heading\"><strong>Hirtenhof Illsitz &#8211; Allgemeinen Gesch\u00e4ftsbedingungen<\/strong><\/h2>\n\n\n\n<p>Allen Angeboten des Hirtenhof Illsitz sind unsere Ausbildungs- und Trainingsgrunds\u00e4tze nach Ma\u00dfgabe des IPZV und der FN zugrunde gelegt. Neben der Vermittlung von reiterlichen F\u00e4hig- und Fertigkeiten, wird insbesondere auch der korrekte und respektvolle Umgang mit dem Lebewesen Pferd erlernt. Daf\u00fcr stehen gut ausgebildete Schulpferde und lizensiertes Fachpersonal in unserem Betrieb f\u00fcr unsere Kunden bereit.<\/p>\n\n\n\n<p>Um unsere Ziele zu erf\u00fcllen und eine individuelle Betreuung zu gew\u00e4hrleisten, sind wir auf Zuverl\u00e4ssigkeit und genaue Absprachen angewiesen. Daher arbeiten wir mit einem monatlichen Zahlungssystem.<\/p>\n\n\n\n<p><strong><u>Es gelten folgende AGB\u2019s:<\/u><\/strong><\/p>\n\n\n\n<h3 class=\"wp-block-heading\"><strong><em>1.) Geltungsbereich<\/em><\/strong><\/h3>\n\n\n\n<p>Die allgemeinen Gesch\u00e4ftsbedingungen gelten f\u00fcr die zwischen&nbsp;&nbsp;&nbsp;&nbsp;&nbsp;&nbsp;<\/p>\n\n\n\n<p>\u02eeHirtenhof Illsitz \/ Ines Lantzsch, Am Dorfplatz 8, 04626 Schm\u00f6lln OT Illsitz\u201c (nachfolgend Betrieb genannt)<\/p>\n\n\n\n<p>und dem Kunden bzw. dem gesetzlichen Vertreter abgeschlossenen Vertr\u00e4ge \u00fcber die jeweilige gebuchte Leistung des Betriebs.<\/p>\n\n\n\n<h3 class=\"wp-block-heading\"><strong><em>2.) Abschluss und Gegenstand des Vertrags<\/em><\/strong><\/h3>\n\n\n\n<p><em>2.1)&nbsp;&nbsp;<\/em>Mit Buchung eines Angebots bietet der Kunde dem \u201eHirtenhof Illsitz\u201c den Abschluss des Vertrages verbindlich an. Soweit nicht anders vereinbart, sind die Grundlage des jeweiligen Angebotes die Informationen und Ausschreibungen auf unserer Homepage&nbsp;www.hirtenhof-illsitz.com, die Kursausschreibungen und die Angebote per WhatsApp oder aus dem Reitbuch. Gegenstand des Vertrags sind die jeweils angebotenen Leistungen.<\/p>\n\n\n\n<p>Bei Angeboten im Reitbuch gilt folgendes: Der Vertrag kommt zustande, indem sich der Kunde in unserem Online-Buchungssystem registriert, und wenn n\u00f6tig , den dabei entstandenen Anmeldebogen unterschrieben im Betrieb abgibt und der Betrieb durch Aktivierung bzw. Freischaltung zustimmt. Bei Minderj\u00e4hrigen muss die Unterschrift durch die Erziehungsberechtigten erfolgen. Je nach Vereinbarung und Freischaltung kann die Leistung durch individuelle Buchung von Terminen \u00fcber das Buchungssystem und\/oder als regelm\u00e4\u00dfiger Stammplatz erfolgen.<\/p>\n\n\n\n<p><em>2.2)<\/em>&nbsp;&nbsp;Im Reitschulabo erfolgt die Zuweisung der Stammpl\u00e4tze durch den Betrieb \u201eHirtenhof Illsitz\u201c. Der Reitunterricht im Abosystem findet w\u00e4hrend der Schulzeit einmal pro Woche statt, es werden <em>32 Reitstunden pro Jahr <\/em>als feste Termine angeboten.<\/p>\n\n\n\n<p>Auch an gesetzlichen Feiertagen sowie an den Th\u00fcringer Br\u00fcckentagen findet Unterricht statt, wobei die Uhrzeiten hierf\u00fcr ggf. ver\u00e4ndert werden k\u00f6nnen. Es besteht kein Anspruch auf die sonst festgelegten Tage und\/oder Uhrzeiten!<\/p>\n\n\n\n<p>In den Th\u00fcringer Schulferien und unseren Betriebsferien findet kein regul\u00e4rer Unterricht statt.<\/p>\n\n\n\n<p>Folgende Entscheidungen obliegen grunds\u00e4tzlich dem Reitlehrer:<\/p>\n\n\n\n<p>&#8211;&nbsp;&nbsp;<em>Festlegung des Unterrichtsinhalts<\/em> &#8211;&nbsp;es sind sowohl praktische Einheiten auf und neben dem Pferd, sowie theoretische Einheiten (auch online) m\u00f6glich<\/p>\n\n\n\n<p>&#8211;&nbsp;&nbsp;<em>Festlegung des Unterrichtsortes<\/em> &#8211;&nbsp;f\u00fcr den Unterricht stehen Ovalbahn, Reitplatz, Longierzirkel, Reithalle und Ausreitgel\u00e4nde zur Verf\u00fcgung<\/p>\n\n\n\n<p>&#8211;&nbsp;&nbsp;<em>Festlegung der Gruppengr\u00f6\u00dfe<\/em><\/p>\n\n\n\n<p>&#8211;&nbsp;&nbsp;<em>Einteilung der Schulpferde &#8211; <\/em><strong>Gewichtsbegrenzung liegt bei 80 kg<\/strong><\/p>\n\n\n\n<p>Die Zeitangaben \u00fcber die Dauer einer Reitstunde sind keine Angaben der reinen Reitzeit, je nach Schwerpunkt und Inhalt der Stunde kann auch die Reitzeit variieren. Je nach Vereinbarung und Einstufung durch die Reitlehrer\/Trainer ist die Versorgung der Pferde vor und nach dem Unterricht in der gebuchten Zeit inklusive oder exklusive.<\/p>\n\n\n\n<p>Bei eigenst\u00e4ndiger Vorbereitung des Pferdes erfolgt dies durch den jeweiligen Reiter selbst, er muss sich daf\u00fcr rechtzeitig am Hof einfinden.<\/p>\n\n\n\n<p>Unser komplettes <strong>Reitschulkonzept<\/strong> kann auf unserer Homepage&nbsp;&nbsp;&nbsp;&nbsp;&nbsp;&nbsp;&nbsp;&nbsp;&nbsp;(<a href=\"http:\/\/www.hirtenhof-illsitz.com\" rel=\"noreferrer noopener\" target=\"_blank\">www.hirtenhof-illsitz.com<\/a>) nachgelesen werden.<\/p>\n\n\n\n<p><em>2.3)<\/em>&nbsp;&nbsp;Mit der Registrierung bzw. dem Eingang der Buchung ist der Kunde verpflichtet, vollst\u00e4ndige und wahrheitsgem\u00e4\u00dfe Angaben \u00fcber die angefragten Daten, die f\u00fcr die Durchf\u00fchrung eines Angebots ma\u00dfgeblichen Umst\u00e4nde, zu machen.<\/p>\n\n\n\n<p>Insbesondere die Angaben zur Reiterlichen Qualifikation, Gewicht &amp; Gr\u00f6\u00dfe, Gesundheitszustand des Sch\u00fclers &amp; Pferdes und Vorkenntnissen.<\/p>\n\n\n\n<p>Falsche oder unvollst\u00e4ndige Angaben k\u00f6nnen zur K\u00fcndigung des Vertrages durch den \u201eHirtenhof Illsitz\u201c f\u00fchren. F\u00fcr Sch\u00e4den die durch falsche Angaben entstanden sind, haftet der Kunde, der Betrieb ist daf\u00fcr nicht haftbar zu machen.<\/p>\n\n\n\n<p>Die Reitsch\u00fcler\/innen best\u00e4tigen, dass sie k\u00f6rperlich und geistig dazu in der Lage sind, am Reitunterricht teilzunehmen. Etwaige Probleme, die dem praktischen Reitunterricht entgegenstehen k\u00f6nnten, sind vor dem Unterricht mitzuteilen.<\/p>\n\n\n\n<p>Zum Wohle unserer Pferde und im Sinne der Unfallvermeidung beh\u00e4lt sich der Betrieb vor Reitstunden bei nicht gegebenen k\u00f6rperlichen Voraussetzungen inhaltlich entsprechend des Ermessens der Reitlehrer\/in anzupassen.<\/p>\n\n\n\n<p><em>2.4)<\/em>&nbsp;&nbsp;Der Kunde hat f\u00fcr alle Vertragsverpflichtungen von Mitteilnehmern, f\u00fcr die er die Buchung vornimmt, wie f\u00fcr seine eigenen einzustehen, sofern er diese Verpflichtung durch ausdr\u00fcckliche und gesonderte Erkl\u00e4rung \u00fcbernommen hat.<\/p>\n\n\n\n<p><em>2.5)&nbsp;<\/em>Bei Angeboten auf dem Hirtenhof Illsitz von Fremdtrainern\/ Ausbildern, \u00fcbernimmt der Hirtenhof Illsitz keinerlei Haftung f\u00fcr Vorkommnisse die mit diesem im Zusammenhang stehen oder durch ihn verursacht wurden.<\/p>\n\n\n\n<p><em>2.6)&nbsp;&nbsp;<\/em>Der Kunde verpflichtet sich, bei Teilnahme mit dem eigenen Pferd, selbst f\u00fcr Versicherung, Impfstatus, Wurmkur, Tierseuchenkasse, Mitf\u00fchren des Equidenpasses (muss auf Wunsch vorgelegt werden) sowie sonstigen Notwendigkeiten die im Zusammenhang mit dem Pferd stehen, Sorge zu tragen.<\/p>\n\n\n\n<h3 class=\"wp-block-heading\"><strong><em>3.) Helmpflicht\/ Ausr\u00fcstung der Reiter*innen<\/em><\/strong><\/h3>\n\n\n\n<p>Alle Reiter*innen m\u00fcssen beim Reiten einen Reithelm nach g\u00fcltiger Euronorm tragen. Das Tragen einer Sicherheitsweste oder eines R\u00fcckenprotektors wird empfohlen.<\/p>\n\n\n\n<p>Das Tragen von folgender, geeigneter Kleidung w\u00e4hrend des Reitunterrichts ist Plicht: Reithose, feste Schuhe\/Stiefel mit Absatz, die \u00fcber den Kn\u00f6chel reichen. Das Tragen von Reithandschuhen wird empfohlen.<\/p>\n\n\n\n<p>Als Kleiderordnung gilt:<\/p>\n\n\n\n<p>&#8211;&nbsp;Reithose +&nbsp;Reitstiefel oder<\/p>\n\n\n\n<p>&#8211;&nbsp;Reithose + Stiefeletten + Chaps oder<\/p>\n\n\n\n<p>&#8211;&nbsp;Jodpurreithose + Stiefeletten<\/p>\n\n\n\n<p>Bei ungeeigneter Kleidung und\/oder Schuhwerk ist die Teilnahme am Unterricht nicht m\u00f6glich.<\/p>\n\n\n\n<h3 class=\"wp-block-heading\"><strong><em>4.) Zahlungsmodalit\u00e4ten<\/em><\/strong><\/h3>\n\n\n\n<p><em>4.1)&nbsp;&nbsp;&nbsp;<\/em>F\u00fcr alle Angebote gilt die aktuelle Preisliste. Die Preise k\u00f6nnen ohne Vertrags\u00e4nderung angepasst werden.<\/p>\n\n\n\n<p><em>4.2)&nbsp;&nbsp;&nbsp;<\/em>Das Reitabo ist vom Reitsch\u00fcler jeweils bis zum 10. eines Monats zu bezahlen und gilt f\u00fcr eine Einheit pro Woche zum festgelegten Termin (Stammplatz).<\/p>\n\n\n\n<p><em>4.3)&nbsp;&nbsp;&nbsp;<\/em>Die Reitsch\u00fcler*innen sind in der Pflicht den anfallenden Betrag per \u00dcberweisung auf das Gesch\u00e4ftskonto der Reitschule zu \u00fcbertragen.<\/p>\n\n\n\n<p>Ines Lantzsch, VR-Bank Altenburger Land eG, IBAN: DE80 8306 5408 0006 9535 06, BIC: GENODEF1LSR, Verwendungszweck: Name Reitsch\u00fcler*in<\/p>\n\n\n\n<p>Den Abo-Preisen liegen 32 Unterrichtsstunden zugrunde, diese werden auf 12 Monate aufgesplittet. Die Zahlung des konstanten Beitrags erfolgt auch in den Monaten, in denen kein Unterricht stattfindet. Daf\u00fcr fallen in Monaten mit bis zu 5 Unterrichtseinheiten keine extra Kosten an.<\/p>\n\n\n\n<p><em>4.4)&nbsp;&nbsp;&nbsp;<\/em>Einzelreitstunden, Teamtraining, Individualtraining, Ausritte, Beritt m\u00fcssen bei Anmeldung bezahlt werden.<\/p>\n\n\n\n<p><em>4.5)&nbsp;&nbsp;&nbsp;<\/em>Bei Einzelbuchungen (Wertkarte) kann \u00fcber das Reitbuch direkt per \u00dcberweisung bezahlt werden.<\/p>\n\n\n\n<p><em>4.6)&nbsp;&nbsp;&nbsp;<\/em>F\u00fcr Kurse, Ferienangebote, Sondertermine sind die in der Angebotsbeschreibung angegebenen Zahlungsmodalit\u00e4ten zu beachten. Soweit nicht anders vereinbart, wird die vollst\u00e4ndige Bezahlung zu Beginn des gebuchten Angebots zur Zahlung f\u00e4llig. Kommt ein Angebot nicht zustande, wird die bereits geleistete Zahlung <strong>auf der Wertkarte<\/strong> gutgeschrieben und kann f\u00fcr ein anderes Angebot verwendet werden. (Es erfolgt keine Erstattung im Sinne einer \u00dcberweisung oder Auszahlung des Guthabens an den Kunden!)<\/p>\n\n\n\n<p><em>4.7)&nbsp;&nbsp;&nbsp;<\/em>Leistet der Kunde die Zahlung nicht entsprechend der vereinbarten Zahlungsbedingungen, so ist der \u201eHirtenhof Illsitz\u201c dazu berechtigt, ihn vom Angebot auszuschlie\u00dfen.<\/p>\n\n\n\n<h3 class=\"wp-block-heading\"><strong><em>5.) R\u00fccktritt durch den Kunden vor Beginn\/Stornokosten<\/em><\/strong><\/h3>\n\n\n\n<p><em>5.1)<\/em>&nbsp;Unser Kunde kann jederzeit vor Angebotsbeginn vom Angebot zur\u00fccktreten. Der R\u00fccktritt ist gegen\u00fcber dem \u201eHirtenhof Illsitz\u201c schriftlich mitzuteilen, bei Angeboten welche \u00fcber das Reitbuch gebucht wurden, ist eine Stornierung dort vorzunehmen.<\/p>\n\n\n\n<p><em>5.2)<\/em>&nbsp;Tritt der Kunde vor Beginn zur\u00fcck oder tritt er das Angebot nicht an, so gelten die jeweiligen Stornobedingungen.<\/p>\n\n\n\n<p><strong>F\u00fcr alle Kurse und Ferienangebote<\/strong> gilt soweit nicht anders vereinbart<\/p>\n\n\n\n<p>&#8211;&nbsp;&nbsp;&nbsp;&nbsp;&nbsp;&nbsp;bei Absage bis 4 Wochen vor Beginn, wird die eine Bearbeitungsgeb\u00fchr von 10% einbehalten \/ in Rechnung gestellt, weitere Kosten fallen nicht an<\/p>\n\n\n\n<p>&#8211;&nbsp;&nbsp;&nbsp;&nbsp;&nbsp;&nbsp;bei Absage ab 3 Wochen vor Beginn, fallen 50 % der Gesamtkosten an<\/p>\n\n\n\n<p>&#8211;&nbsp;&nbsp;&nbsp;&nbsp;&nbsp;&nbsp;bei Absage ab 1 Woche vor Beginn fallen 100% der Gesamtkosten an<\/p>\n\n\n\n<p>&#8211;&nbsp;&nbsp;&nbsp;&nbsp;&nbsp;&nbsp;kann ein Ersatzteilnehmer gestellt werden, entf\u00e4llt die Pflicht zur Zahlung.<\/p>\n\n\n\n<p>Sollten diese nicht eingehen, beh\u00e4lt sich der \u201eHirtenhof Illsitz\u201c vor, den Vorgang an ein Inkassounternehmen abzugeben.<\/p>\n\n\n\n<p><em>5.3)<\/em>&nbsp;&nbsp;Unbeachtet von Punkt 5.2 hat der \u201eHirtenhof Illsitz\u201c bis 14 Tage vor der Veranstaltung die M\u00f6glichkeit, diese wegen zu geringer Teilnehmerzahl abzusagen.<\/p>\n\n\n\n<p><em>5.4)&nbsp;&nbsp;<\/em>Die Anmeldung zu individuellen Reitstunden erfolgt ausschlie\u00dflich \u00fcber das Reitbuch. Diese k\u00f6nnen ebenfalls online bis 24 Stunden vorher kostenfrei abgesagt werden.<\/p>\n\n\n\n<p>5.5)&nbsp;&nbsp;Im Reitschulabo k\u00f6nnen Reitstunden, die 24 Stunden vorher abgesagt werden, innerhalb von 4 Wochen nachgeholt werden, sofern freie Pl\u00e4tze verf\u00fcgbar sind. Sollten keine passenden Ersatztermine verf\u00fcgbar sein oder k\u00f6nnen diese nicht wahrgenommen werden, so werden die Reitstunden dennoch voll berechnet und der Anspruch auf das Nachholen verf\u00e4llt. Es kann immer nur eine Reitstunde nachgeholt werden, ein Ansammeln von Stunden ist daher nicht m\u00f6glich.<\/p>\n\n\n\n<p>Die Absage sollte m\u00f6glichst fr\u00fchzeitig im Reitbuch erfolgen, damit der Platz f\u00fcr andere wieder frei ist.<\/p>\n\n\n\n<p>Bei kurzfristiger Absage oder Nichtabsage (weniger als 24 Stunden vorher) wird die Reitstunde normal berechnet und kein Nachholtermin angeboten.<\/p>\n\n\n\n<p>Individuelle Absprachen bei l\u00e4ngerer Krankheit oder \u00e4hnlichem sind m\u00f6glich.<\/p>\n\n\n\n<h3 class=\"wp-block-heading\"><strong><em>6.) Nicht in Anspruch genommene Leistungen<\/em><\/strong><\/h3>\n\n\n\n<p>Nimmt der Kunde w\u00e4hrend der Veranstaltung einzelne ihm ordnungsgem\u00e4\u00df angebotene Leistungen nicht in Anspruch, die Ihm zugestanden h\u00e4tten, (z. B. wegen vorzeitiger R\u00fcckreise, tageweise wegen schlechtem Wetter oder aus sonstigen zwingenden Gr\u00fcnden), hat er keinen Anspruch auf eine Erstattung des Preises.<\/p>\n\n\n\n<h3 class=\"wp-block-heading\"><strong><em>7.) Unterrichtsausfall<\/em><\/strong><\/h3>\n\n\n\n<p>Wird der Unterricht seitens des Betriebs abgesagt, so wird eine Ersatzleistung angeboten. Der Anspruch hierauf entf\u00e4llt bei Nicht-Teilnahme. Die Reitschule beh\u00e4lt sich vor, bei einer geringeren Teilnehmerzahl die Dauer der Reitstunde des Kurses anzupassen oder, wenn fr\u00fchzeitig bekannt, auch Gruppen ggf. zusammenzulegen.<\/p>\n\n\n\n<p>Bei einem Ausfall von Kursen, Ferienangeboten oder sonstigen Veranstaltungen seitens des Betriebs erstattet dieser die Kosten f\u00fcr die Teilnehmer*innen vollst\u00e4ndig.<\/p>\n\n\n\n<p>Bei Krankheit oder Verhinderung eines Trainers, ist der Betrieb berechtigt, Alternativtermine anzubieten oder eine geeignete Vertretung zu stellen.<\/p>\n\n\n\n<h3 class=\"wp-block-heading\"><strong><em>8.) Vertragslaufzeit und K\u00fcndigung<\/em>&nbsp;<\/strong><\/h3>\n\n\n\n<p><em>8.1)<\/em>&nbsp;&nbsp;Ein Reitschulabovertrag beginnt mit der Zuweisung eines Stammplatzes durch den Betrieb und l\u00e4uft auf unbestimmte Zeit. Die K\u00fcndigungsfrist betr\u00e4gt einen Monat zum Monatsende und ist schriftlich mitzuteilen.<\/p>\n\n\n\n<p><em>8.2)&nbsp;&nbsp;<\/em>Der \u201eHirtenhof Illsitz\u201c kann den Vertrag ohne Einhaltung einer Frist k\u00fcndigen, wenn der Kunde ungeachtet einer Abmahnung w\u00e4hrend des Angebots den Betrieb st\u00f6rt oder wenn er sich in solchem Ma\u00df vertragswidrig verh\u00e4lt, dass die sofortige Aufhebung des Vertrages gerechtfertigt ist.<\/p>\n\n\n\n<p><em>8.3)<\/em>&nbsp;Die K\u00fcndigung ist insbesondere dann zul\u00e4ssig, wenn sich erweist, dass der Kunde falsche Angaben zu seinen pers\u00f6nlichen Verh\u00e4ltnissen, insbesondere seinem Gewicht, seiner reiterlichen Ausbildung und seinen reiterlichen F\u00e4higkeiten gemacht hat und hierdurch urs\u00e4chlich er selbst, die Teilnehmer oder die Durchf\u00fchrung der Veranstaltung erschwert oder gef\u00e4hrdet werden. Auch wenn der Kunde gegen fachlich anerkannte Regeln der Reiterei im Bereich der Ausr\u00fcstung, von Sicherheitsma\u00dfnahmen oder dem F\u00fchrens des Pferdes schuldhaft verst\u00f6\u00dft.<\/p>\n\n\n\n<p><em>8.4)<\/em>&nbsp;&nbsp;Im Falle einer solchen K\u00fcndigung beh\u00e4lt der Hirtenhof Illsitz den Anspruch auf den kompletten Preis.<\/p>\n\n\n\n<p><em>8.5)<\/em>&nbsp;&nbsp;Der Kunde kann den Vertrag jederzeit k\u00fcndigen, die Zahlungsvereinbarungen bleiben davon unber\u00fchrt.<\/p>\n\n\n\n<h3 class=\"wp-block-heading\"><strong><em>9.) Sorgfaltspflicht, Haftung und Versicherung<\/em><\/strong><\/h3>\n\n\n\n<p><em>9.1)&nbsp;<\/em>Der Betrieb haftet nicht f\u00fcr Verlust von mitgebrachter Kleidung, Geld oder sonstiger Wertgegenst\u00e4nde. Hier hat der Kunde eigene Sorgfaltspflicht.<\/p>\n\n\n\n<p><em>9.2)<\/em>&nbsp;Der \u201eHirtenhof Ilslitz\u201c haftet nur f\u00fcr Sch\u00e4den, die Sie oder Ihre Angeh\u00f6rigen selbst grob fahrl\u00e4ssig oder vors\u00e4tzlich verursacht oder herbeigef\u00fchrt hat.<\/p>\n\n\n\n<p><em>9.3)<\/em>&nbsp;Reiten birgt grunds\u00e4tzlich ein Risiko, da das Verhalten der Tiere nicht immer vorhergesehen werden kann. Die Teilnahme erfolgt auf eigene Gefahr. Eine Unfallversicherung sowie eine Haftpflichtversicherung der Reitsch\u00fcler werden empfohlen. Insbesondere weisen wir darauf hin, dass durch den Betrieb, seine gesetzlichen Vertreter und\/oder Erf\u00fcllungsgehilfen f\u00fcr Unf\u00e4lle und Sch\u00e4den, die w\u00e4hrend der Zeit des Aufenthaltes im Stall und auf dem Reitgel\u00e4nde sowie sonst im Zusammenhang mit der Aus\u00fcbung des Reitsports geschehen, eine Haftung nur soweit \u00fcbernommen wird, als der Schaden auf Vorsatz oder grober Fahrl\u00e4ssigkeit der verantwortlichen Person beruht.<\/p>\n\n\n\n<p>Bei Vorsatz oder Fahrl\u00e4ssigkeit Dritter ist jegliche Haftung ausgeschlossen. Haftungsanspr\u00fcche m\u00fcssen unmittelbar und unverz\u00fcglich nach dem Schadensereignis angemeldet werden.<\/p>\n\n\n\n<p><em>9.4)&nbsp;&nbsp;<\/em>Die Erziehungsberechtigten werden nicht aus der Aufsichts- und Haftungspflicht entlassen. Der \u201eHirtenhof Illsitz\u201c \u00fcbernimmt die Aufsichtspflicht ausschlie\u00dflich, im gebuchten Zeitraum. Sollte es sich um Angebote handeln, die in Begleitung einer eigenen Aufsichtsperson stattfinden, bleibt die Aufsichtspflicht bei der Begleitperson.<\/p>\n\n\n\n<h3 class=\"wp-block-heading\"><strong><em>10.) Ausschluss von Anspr\u00fcchen und Verj\u00e4hrung<\/em><\/strong><\/h3>\n\n\n\n<p><em>10.1)<\/em> Anspr\u00fcche wegen nicht vertragsgem\u00e4\u00dfer Erbringung des Angebots hat der Kunde innerhalb von vier Wochen nach dem vertraglich vorgesehenen Zeitpunkt der Beendigung des Angebots geltend zu machen. Die Geltendmachung kann fristwahrend nur unter der g\u00fcltigen Betriebsanschrift erfolgen. Nach Ablauf der Frist kann der Kunde Anspr\u00fcche nur geltend machen, wenn er ohne eigenes Verschulden an der Einhaltung der Frist gehindert worden ist.<\/p>\n\n\n\n<p><em>10.2)<\/em> Anspr\u00fcche des Kunden nach verj\u00e4hren in einem Jahr. Die Verj\u00e4hrung beginnt mit dem Tag an dem die Veranstaltung dem Vertrage nach enden sollte. Schweben zwischen dem Kunden und dem \u201eHirtenhof Illsitz\u201c Verhandlungen \u00fcber den Anspruch oder die in im Anspruch begr\u00fcndenden Umst\u00e4nde, so ist die Verj\u00e4hrung gehemmt, bis der Kunde oder der \u201eHirtenhof Illsitz\u201c die Fortsetzung der Verhandlungen verweigert. Die Verj\u00e4hrung tritt fr\u00fchestens 3 Monate nach dem Ende der Hemmung ein.<\/p>\n\n\n\n<h3 class=\"wp-block-heading\"><strong><em>11.)<\/em><\/strong> <strong>&nbsp;<em>\u00c4nderungen der AGB<\/em><\/strong><\/h3>\n\n\n\n<p>Die Reitschule beh\u00e4lt sich vor, diese AGB jederzeit \u00e4ndern zu k\u00f6nnen, sofern dies durch innerbetriebliche Gr\u00fcnde, \u00c4nderungen der Marktgegebenheiten oder der Gesetzeslage notwendig wird. Die ge\u00e4nderten Bedingungen werden dem Vertragspartner sp\u00e4testens zwei Wochen vor ihrem Inkrafttreten zugesandt.<\/p>\n\n\n\n<p>Widerspricht der Vertragspartner der Geltung der neuen AGB nicht innerhalb von zwei Wochen nach Empfang, gelten die ge\u00e4nderten AGB als angenommen.<\/p>\n\n\n\n<p>Der \u201eHirtenhof Illsitz\u201c wird den Vertragspartner in der Information \u00fcber die ge\u00e4nderten Bedingungen auf die Bedeutung dieser Zweiwochenfrist gesondert hinweisen.<\/p>\n\n\n\n<h3 class=\"wp-block-heading\"><strong><em>12.)&nbsp;Informationen bez\u00fcglich Angeboten<\/em><\/strong><\/h3>\n\n\n\n<p><em>12.1)<\/em> Wir behalten uns das Recht vor, unsere G\u00e4ste \u00fcber Angebote und Neuerungen zu informieren.<\/p>\n\n\n\n<p><em>12.2)<\/em> Aus Datenschutzgr\u00fcnden erkl\u00e4ren wir hiermit, dass die pers\u00f6nlichen Adressdaten nur zu firmeninternen Zwecken verwendet werden und nicht an Dritte weitergegeben werden.<\/p>\n\n\n\n<h3 class=\"wp-block-heading\"><strong><em>13.)&nbsp;Foto und Videoaufzeichnungen<\/em><\/strong><\/h3>\n\n\n\n<p>Der \u201eHirtenhof Illsitz\u201c hat das Recht alle Bilder\/ Videos die in Zusammenhang mit der Veranstaltung entstanden sind, zu verwenden. Der Kunde hat aber jederzeit das Recht diesem zu widersprechen.<\/p>\n\n\n\n<p><\/p>\n","protected":false},"excerpt":{"rendered":"<p>Hirtenhof Illsitz &#8211; Allgemeinen Gesch\u00e4ftsbedingungen Allen Angeboten des Hirtenhof Illsitz sind unsere Ausbildungs- und Trainingsgrunds\u00e4tze nach Ma\u00dfgabe des IPZV und der FN zugrunde gelegt. Neben der Vermittlung von reiterlichen F\u00e4hig- und Fertigkeiten, wird insbesondere&#46;&#46;&#46;<\/p>\n","protected":false},"author":2,"featured_media":0,"parent":0,"menu_order":0,"comment_status":"closed","ping_status":"closed","template":"","meta":{"footnotes":""},"class_list":["post-378","page","type-page","status-publish","hentry"],"_links":{"self":[{"href":"https:\/\/hirtenhof-illsitz.com\/index.php?rest_route=\/wp\/v2\/pages\/378","targetHints":{"allow":["GET"]}}],"collection":[{"href":"https:\/\/hirtenhof-illsitz.com\/index.php?rest_route=\/wp\/v2\/pages"}],"about":[{"href":"https:\/\/hirtenhof-illsitz.com\/index.php?rest_route=\/wp\/v2\/types\/page"}],"author":[{"embeddable":true,"href":"https:\/\/hirtenhof-illsitz.com\/index.php?rest_route=\/wp\/v2\/users\/2"}],"replies":[{"embeddable":true,"href":"https:\/\/hirtenhof-illsitz.com\/index.php?rest_route=%2Fwp%2Fv2%2Fcomments&post=378"}],"version-history":[{"count":7,"href":"https:\/\/hirtenhof-illsitz.com\/index.php?rest_route=\/wp\/v2\/pages\/378\/revisions"}],"predecessor-version":[{"id":4520,"href":"https:\/\/hirtenhof-illsitz.com\/index.php?rest_route=\/wp\/v2\/pages\/378\/revisions\/4520"}],"wp:attachment":[{"href":"https:\/\/hirtenhof-illsitz.com\/index.php?rest_route=%2Fwp%2Fv2%2Fmedia&parent=378"}],"curies":[{"name":"wp","href":"https:\/\/api.w.org\/{rel}","templated":true}]}}