{"id":3769,"date":"2024-03-23T07:06:45","date_gmt":"2024-03-23T06:06:45","guid":{"rendered":"https:\/\/hirtenhof-illsitz.com\/?page_id=3769"},"modified":"2025-12-29T12:03:03","modified_gmt":"2025-12-29T11:03:03","slug":"workshops-fuer-kinder","status":"publish","type":"page","link":"https:\/\/hirtenhof-illsitz.com\/?page_id=3769","title":{"rendered":"Kinder-Workshops"},"content":{"rendered":"\n<h2 class=\"wp-block-heading\" id=\"auswahl\">Workshops \/ Themenspazierg\u00e4nge f\u00fcr Kinder<\/h2>\n\n\n\n<p class=\"has-black-color has-text-color\"><\/p>\n\n\n\n<p><a href=\"#auswahl\">Aus folgenden Workshop-Themen kann gew\u00e4hlt werden &#8211; oder man macht einfach bei allen mit \ud83d\ude09<\/a><\/p>\n\n\n\n<div class=\"wp-block-columns is-layout-flex wp-container-core-columns-is-layout-9d6595d7 wp-block-columns-is-layout-flex\">\n<div class=\"wp-block-column is-layout-flow wp-block-column-is-layout-flow\" style=\"flex-basis:50%\">\n<ul class=\"wp-block-list\">\n<li><a href=\"#bauernhof\">Bauernhof-Ralley<\/a><\/li>\n\n\n\n<li><a href=\"#pferdefreunde\">Spiel und Spa\u00df f\u00fcr kleine Pferdefreunde<\/a><\/li>\n\n\n\n<li><a href=\"#waldspaziergang\">Waldspaziergang mit Islandpferden<\/a><\/li>\n<\/ul>\n<\/div>\n<\/div>\n\n\n\n<p>Die <strong>Termine f\u00fcr die Workshops werden im Reitbuch<\/strong> bekannt gegeben und regelm\u00e4\u00dfig aktualisiert. <\/p>\n\n\n\n<div class=\"wp-block-buttons is-layout-flex wp-block-buttons-is-layout-flex\">\n<div class=\"wp-block-button has-custom-font-size has-small-font-size\"><a class=\"wp-block-button__link has-white-color has-text-color has-background has-link-color wp-element-button\" href=\"https:\/\/hirtenhof-illsitz.reitbuch.com\" style=\"border-radius:15px;background-color:#3c789d\" target=\"_blank\" rel=\"noreferrer noopener\">Hier geht es zum Reitbuch<\/a><\/div>\n<\/div>\n\n\n\n<hr class=\"wp-block-separator has-alpha-channel-opacity is-style-wide\" id=\"waldspaziergang\"\/>\n\n\n\n<div style=\"height:10px\" aria-hidden=\"true\" class=\"wp-block-spacer\"><\/div>\n\n\n\n<h3 class=\"wp-block-heading\">Workshop 1:  Bauernhof-Ralley<\/h3>\n\n\n\n<div class=\"wp-block-media-text alignwide has-media-on-the-right is-stacked-on-mobile\" style=\"grid-template-columns:auto 21%\"><div class=\"wp-block-media-text__content\">\n<p><strong>Inhalte:<\/strong> <\/p>\n\n\n\n<ul class=\"wp-block-list\">\n<li>Erkunden des Hirtenhof Illsitz in Form einer Abenteuer-Schnitzeljagd<\/li>\n\n\n\n<li>Entdecken der verschiedenen Tierarten und deren Lebensr\u00e4ume<\/li>\n\n\n\n<li>Erlebnis in der Gruppe &#8211; Teamwork ist gefragt<\/li>\n\n\n\n<li>Ausgleich in der Natur &#8211; Sinne f\u00fcr die Umwelt sch\u00e4rfen, Entdeckergeist wecken, nat\u00fcrliche Lebensr\u00e4ume erkennen und verstehen<\/li>\n<\/ul>\n<\/div><figure class=\"wp-block-media-text__media\"><img loading=\"lazy\" decoding=\"async\" width=\"219\" height=\"290\" src=\"http:\/\/hirtenhof-illsitz.com\/wp-content\/uploads\/2021\/09\/Kueken-2.jpg\" alt=\"\" class=\"wp-image-2230 size-full\"\/><\/figure><\/div>\n\n\n\n<div class=\"wp-block-media-text alignwide has-media-on-the-right is-stacked-on-mobile\" style=\"grid-template-columns:auto 21%\"><div class=\"wp-block-media-text__content\">\n<p><strong>Dauer:<\/strong> 1,5-2 h<\/p>\n\n\n\n<p><strong>Teilnehmer:<\/strong> 6-8 Kinder<\/p>\n\n\n\n<p><strong>Alter:<\/strong> 4-6 Jahre (keine Begleitung der Eltern notwendig)<\/p>\n\n\n\n<p><strong>Voraussetzungen:<\/strong> wetterfeste, warme Kleidung, wasserdichtes stabiles Schuhwerk (Gummistiefel)<\/p>\n<\/div><figure class=\"wp-block-media-text__media\"><img loading=\"lazy\" decoding=\"async\" width=\"1024\" height=\"1024\" src=\"http:\/\/hirtenhof-illsitz.com\/wp-content\/uploads\/2023\/12\/Schweinchen1-1024x1024.jpg\" alt=\"\" class=\"wp-image-3681 size-full\" srcset=\"https:\/\/hirtenhof-illsitz.com\/wp-content\/uploads\/2023\/12\/Schweinchen1-1024x1024.jpg 1024w, https:\/\/hirtenhof-illsitz.com\/wp-content\/uploads\/2023\/12\/Schweinchen1-300x300.jpg 300w, https:\/\/hirtenhof-illsitz.com\/wp-content\/uploads\/2023\/12\/Schweinchen1-150x150.jpg 150w, https:\/\/hirtenhof-illsitz.com\/wp-content\/uploads\/2023\/12\/Schweinchen1-768x768.jpg 768w, https:\/\/hirtenhof-illsitz.com\/wp-content\/uploads\/2023\/12\/Schweinchen1-600x600.jpg 600w, https:\/\/hirtenhof-illsitz.com\/wp-content\/uploads\/2023\/12\/Schweinchen1-160x160.jpg 160w, https:\/\/hirtenhof-illsitz.com\/wp-content\/uploads\/2023\/12\/Schweinchen1-80x80.jpg 80w, https:\/\/hirtenhof-illsitz.com\/wp-content\/uploads\/2023\/12\/Schweinchen1-320x320.jpg 320w, https:\/\/hirtenhof-illsitz.com\/wp-content\/uploads\/2023\/12\/Schweinchen1.jpg 1440w\" sizes=\"auto, (max-width: 1024px) 100vw, 1024px\" \/><\/figure><\/div>\n\n\n\n<div class=\"wp-block-media-text alignwide has-media-on-the-right is-stacked-on-mobile\" style=\"grid-template-columns:auto 21%\"><div class=\"wp-block-media-text__content\">\n<p><strong>Kosten:<\/strong> 35,-\u20ac pro Teilnehmer<\/p>\n<\/div><figure class=\"wp-block-media-text__media\"><img loading=\"lazy\" decoding=\"async\" width=\"343\" height=\"258\" src=\"http:\/\/hirtenhof-illsitz.com\/wp-content\/uploads\/2021\/09\/Schafe-1.jpg\" alt=\"\" class=\"wp-image-2206 size-full\" srcset=\"https:\/\/hirtenhof-illsitz.com\/wp-content\/uploads\/2021\/09\/Schafe-1.jpg 343w, https:\/\/hirtenhof-illsitz.com\/wp-content\/uploads\/2021\/09\/Schafe-1-300x226.jpg 300w\" sizes=\"auto, (max-width: 343px) 100vw, 343px\" \/><\/figure><\/div>\n\n\n\n<div class=\"wp-block-buttons is-content-justification-center is-layout-flex wp-container-core-buttons-is-layout-16018d1d wp-block-buttons-is-layout-flex\">\n<div class=\"wp-block-button has-custom-font-size is-style-outline has-small-font-size is-style-outline--1\"><a class=\"wp-block-button__link has-text-color wp-element-button\" href=\"#auswahl\" style=\"border-radius:100px;color:#2e6e2b\">zur\u00fcck zur Workshop-Auswahl<\/a><\/div>\n<\/div>\n\n\n\n<hr class=\"wp-block-separator has-alpha-channel-opacity is-style-wide\" id=\"pferdefreunde\"\/>\n\n\n\n<div style=\"height:10px\" aria-hidden=\"true\" class=\"wp-block-spacer\"><\/div>\n\n\n\n<h3 class=\"wp-block-heading\">Workshop 2: Spiel und Spa\u00df f\u00fcr kleine Pferdefreunde<\/h3>\n\n\n\n<div class=\"wp-block-media-text alignwide has-media-on-the-right is-stacked-on-mobile\" style=\"grid-template-columns:auto 21%\"><div class=\"wp-block-media-text__content\">\n<p><strong>Inhalte:<\/strong> <\/p>\n\n\n\n<ul class=\"wp-block-list\">\n<li>Pferd als Freund und Partner kennenlernen<\/li>\n\n\n\n<li>spielerisch und p\u00e4dagogisch wertvoll sich selbst ausprobieren und F\u00e4higkeiten wie Teamgeist, selbstsicheres Auftreten, Verantwortung f\u00fcr das Tier und Kreativit\u00e4t f\u00f6rdern<\/li>\n\n\n\n<li>Gruppenspiele rund um das Thema Pferd ( spielerisch verpackte Theorie-Inhalte, 1 Pferd pro Gruppe, die reiter wechseln sich ab)<\/li>\n\n\n\n<li>Die Zeit mit dem Pferd steht im Vordergrund, nicht das Reiten lernen.<\/li>\n<\/ul>\n<\/div><figure class=\"wp-block-media-text__media\"><img loading=\"lazy\" decoding=\"async\" width=\"768\" height=\"1024\" src=\"http:\/\/hirtenhof-illsitz.com\/wp-content\/uploads\/2023\/01\/Atli-768x1024.jpg\" alt=\"\" class=\"wp-image-3569 size-full\" srcset=\"https:\/\/hirtenhof-illsitz.com\/wp-content\/uploads\/2023\/01\/Atli-768x1024.jpg 768w, https:\/\/hirtenhof-illsitz.com\/wp-content\/uploads\/2023\/01\/Atli-225x300.jpg 225w, https:\/\/hirtenhof-illsitz.com\/wp-content\/uploads\/2023\/01\/Atli-300x400.jpg 300w, https:\/\/hirtenhof-illsitz.com\/wp-content\/uploads\/2023\/01\/Atli-1152x1536.jpg 1152w, https:\/\/hirtenhof-illsitz.com\/wp-content\/uploads\/2023\/01\/Atli-1536x2048.jpg 1536w, https:\/\/hirtenhof-illsitz.com\/wp-content\/uploads\/2023\/01\/Atli-450x600.jpg 450w, https:\/\/hirtenhof-illsitz.com\/wp-content\/uploads\/2023\/01\/Atli-120x160.jpg 120w, https:\/\/hirtenhof-illsitz.com\/wp-content\/uploads\/2023\/01\/Atli-scaled.jpg 1920w\" sizes=\"auto, (max-width: 768px) 100vw, 768px\" \/><\/figure><\/div>\n\n\n\n<div class=\"wp-block-media-text alignwide has-media-on-the-right is-stacked-on-mobile\" style=\"grid-template-columns:auto 21%\"><div class=\"wp-block-media-text__content\">\n<p><strong>Dauer:<\/strong> 1,5 h<\/p>\n\n\n\n<p><strong>Teilnehmer:<\/strong> 4-6 Kinder<\/p>\n\n\n\n<p><strong>Altersgruppe 1:<\/strong>     2-4 Jahre (1 Elternteil als Begleitperson notwendig!)<\/p>\n\n\n\n<p><strong>Altersgruppe 2:<\/strong> 5-7 Jahre (keine Begleitung durch die Eltern)<\/p>\n\n\n\n<p><strong>Voraussetzungen:<\/strong> wetterfeste, warme Kleidung, stabiles Schuhwerk<\/p>\n<\/div><figure class=\"wp-block-media-text__media\"><img loading=\"lazy\" decoding=\"async\" width=\"1024\" height=\"983\" src=\"http:\/\/hirtenhof-illsitz.com\/wp-content\/uploads\/2021\/12\/IMG-20191011-WA0001-e1641814059509-1024x983.jpg\" alt=\"\" class=\"wp-image-2323 size-full\" srcset=\"https:\/\/hirtenhof-illsitz.com\/wp-content\/uploads\/2021\/12\/IMG-20191011-WA0001-e1641814059509-1024x983.jpg 1024w, https:\/\/hirtenhof-illsitz.com\/wp-content\/uploads\/2021\/12\/IMG-20191011-WA0001-e1641814059509-300x288.jpg 300w, https:\/\/hirtenhof-illsitz.com\/wp-content\/uploads\/2021\/12\/IMG-20191011-WA0001-e1641814059509-768x737.jpg 768w, https:\/\/hirtenhof-illsitz.com\/wp-content\/uploads\/2021\/12\/IMG-20191011-WA0001-e1641814059509.jpg 1200w\" sizes=\"auto, (max-width: 1024px) 100vw, 1024px\" \/><\/figure><\/div>\n\n\n\n<div class=\"wp-block-media-text alignwide has-media-on-the-right is-stacked-on-mobile\" style=\"grid-template-columns:auto 21%\"><div class=\"wp-block-media-text__content\">\n<p><strong>Kosten:<\/strong> 25,-\u20ac pro Teilnehmer<\/p>\n<\/div><figure class=\"wp-block-media-text__media\"><img loading=\"lazy\" decoding=\"async\" width=\"1024\" height=\"708\" src=\"http:\/\/hirtenhof-illsitz.com\/wp-content\/uploads\/2021\/09\/RF1-e1630959066414-1024x708.jpg\" alt=\"\" class=\"wp-image-2138 size-full\" srcset=\"https:\/\/hirtenhof-illsitz.com\/wp-content\/uploads\/2021\/09\/RF1-e1630959066414-1024x708.jpg 1024w, https:\/\/hirtenhof-illsitz.com\/wp-content\/uploads\/2021\/09\/RF1-e1630959066414-300x208.jpg 300w, https:\/\/hirtenhof-illsitz.com\/wp-content\/uploads\/2021\/09\/RF1-e1630959066414-768x531.jpg 768w, https:\/\/hirtenhof-illsitz.com\/wp-content\/uploads\/2021\/09\/RF1-e1630959066414.jpg 1080w\" sizes=\"auto, (max-width: 1024px) 100vw, 1024px\" \/><\/figure><\/div>\n\n\n\n<div class=\"wp-block-buttons is-content-justification-center is-layout-flex wp-container-core-buttons-is-layout-16018d1d wp-block-buttons-is-layout-flex\">\n<div class=\"wp-block-button has-custom-font-size is-style-outline has-small-font-size is-style-outline--2\"><a class=\"wp-block-button__link has-text-color wp-element-button\" href=\"#auswahl\" style=\"border-radius:100px;color:#2e6e2b\">zur\u00fcck zur Workshop-Auswahl<\/a><\/div>\n<\/div>\n\n\n\n<hr class=\"wp-block-separator has-alpha-channel-opacity is-style-wide\" id=\"waldspaziergang\"\/>\n\n\n\n<div style=\"height:10px\" aria-hidden=\"true\" class=\"wp-block-spacer\"><\/div>\n\n\n\n<h3 class=\"wp-block-heading\">Workshop 3: Waldspaziergang mit Islandpferden<\/h3>\n\n\n\n<div class=\"wp-block-media-text alignwide has-media-on-the-right is-stacked-on-mobile\" style=\"grid-template-columns:auto 21%\"><div class=\"wp-block-media-text__content\">\n<p><strong>Inhalte:<\/strong> <\/p>\n\n\n\n<ul class=\"wp-block-list\">\n<li>jahreszeitlich angepasste Themen, die uns auf dem Spaziergang begleiten (z.B. Fr\u00fchbl\u00fcher, Tiere im Wald, Materialien zum Basteln und sammeln, &#8230;)<\/li>\n\n\n\n<li>Eltern f\u00fchren z.T. die Pferde (Pferdezahl kann pro Gruppe variieren)<\/li>\n\n\n\n<li>Kinder reiten abwechselnd<\/li>\n\n\n\n<li>Entdecken der Umwelt f\u00f6rdern, Tiere und Pflanzen kennenlernen, achtsam mit der Natur umgehen<\/li>\n\n\n\n<li>Das Pferd als Partner und Teil der Natur, vermittelt dabei Ruhe und st\u00e4rkt das Verantwortungsbewusstsein gegen\u00fcber anderen Lebenwesen.<\/li>\n\n\n\n<li>Auch geeignet f\u00fcr Kinder mit Entwicklungsverz\u00f6gerungen oder leichten Handicaps.<\/li>\n<\/ul>\n<\/div><figure class=\"wp-block-media-text__media\"><img loading=\"lazy\" decoding=\"async\" width=\"1024\" height=\"768\" src=\"http:\/\/hirtenhof-illsitz.com\/wp-content\/uploads\/2021\/09\/20190709_165255-1024x768.jpg\" alt=\"\" class=\"wp-image-2171 size-full\" srcset=\"https:\/\/hirtenhof-illsitz.com\/wp-content\/uploads\/2021\/09\/20190709_165255-1024x768.jpg 1024w, https:\/\/hirtenhof-illsitz.com\/wp-content\/uploads\/2021\/09\/20190709_165255-300x225.jpg 300w, https:\/\/hirtenhof-illsitz.com\/wp-content\/uploads\/2021\/09\/20190709_165255-768x576.jpg 768w, https:\/\/hirtenhof-illsitz.com\/wp-content\/uploads\/2021\/09\/20190709_165255-1536x1152.jpg 1536w, https:\/\/hirtenhof-illsitz.com\/wp-content\/uploads\/2021\/09\/20190709_165255-2048x1536.jpg 2048w\" sizes=\"auto, (max-width: 1024px) 100vw, 1024px\" \/><\/figure><\/div>\n\n\n\n<div class=\"wp-block-media-text alignwide has-media-on-the-right is-stacked-on-mobile\" style=\"grid-template-columns:auto 21%\"><div class=\"wp-block-media-text__content\">\n<p><strong>Dauer:<\/strong> 1 h<\/p>\n\n\n\n<p><strong>Teilnehmer:<\/strong> 4-6 Kinder, je ein Elternteil (zum F\u00fchren der Pferde)<\/p>\n\n\n\n<p><strong>Alter:<\/strong> 4-7 Jahre<\/p>\n\n\n\n<p><strong>Voraussetzungen:<\/strong> wetterfeste, warme Kleidung, stabiles Schuhwerk, Handschuhe bei den Eltern<\/p>\n<\/div><figure class=\"wp-block-media-text__media\"><img loading=\"lazy\" decoding=\"async\" width=\"1024\" height=\"709\" src=\"http:\/\/hirtenhof-illsitz.com\/wp-content\/uploads\/2019\/11\/Fotoshooting31052019-0-1024x709.jpg\" alt=\"\" class=\"wp-image-1043 size-full\" srcset=\"https:\/\/hirtenhof-illsitz.com\/wp-content\/uploads\/2019\/11\/Fotoshooting31052019-0-1024x709.jpg 1024w, https:\/\/hirtenhof-illsitz.com\/wp-content\/uploads\/2019\/11\/Fotoshooting31052019-0-300x208.jpg 300w, https:\/\/hirtenhof-illsitz.com\/wp-content\/uploads\/2019\/11\/Fotoshooting31052019-0-768x532.jpg 768w\" sizes=\"auto, (max-width: 1024px) 100vw, 1024px\" \/><\/figure><\/div>\n\n\n\n<div class=\"wp-block-media-text alignwide has-media-on-the-right is-stacked-on-mobile\" style=\"grid-template-columns:auto 21%\"><div class=\"wp-block-media-text__content\">\n<p><strong>Kosten:<\/strong> 20,-\u20ac pro Teilnehmer<\/p>\n<\/div><figure class=\"wp-block-media-text__media\"><img loading=\"lazy\" decoding=\"async\" width=\"1024\" height=\"850\" src=\"http:\/\/hirtenhof-illsitz.com\/wp-content\/uploads\/2019\/02\/DSC_0058-e1711173824469-1024x850.jpg\" alt=\"\" class=\"wp-image-658 size-full\" srcset=\"https:\/\/hirtenhof-illsitz.com\/wp-content\/uploads\/2019\/02\/DSC_0058-e1711173824469-1024x850.jpg 1024w, https:\/\/hirtenhof-illsitz.com\/wp-content\/uploads\/2019\/02\/DSC_0058-e1711173824469-300x249.jpg 300w, https:\/\/hirtenhof-illsitz.com\/wp-content\/uploads\/2019\/02\/DSC_0058-e1711173824469-768x638.jpg 768w, https:\/\/hirtenhof-illsitz.com\/wp-content\/uploads\/2019\/02\/DSC_0058-e1711173824469-1536x1275.jpg 1536w, https:\/\/hirtenhof-illsitz.com\/wp-content\/uploads\/2019\/02\/DSC_0058-e1711173824469-2048x1700.jpg 2048w, https:\/\/hirtenhof-illsitz.com\/wp-content\/uploads\/2019\/02\/DSC_0058-e1711173824469-600x498.jpg 600w, https:\/\/hirtenhof-illsitz.com\/wp-content\/uploads\/2019\/02\/DSC_0058-e1711173824469-193x160.jpg 193w\" sizes=\"auto, (max-width: 1024px) 100vw, 1024px\" \/><\/figure><\/div>\n\n\n\n<div class=\"wp-block-buttons is-content-justification-center is-layout-flex wp-container-core-buttons-is-layout-16018d1d wp-block-buttons-is-layout-flex\">\n<div class=\"wp-block-button has-custom-font-size is-style-outline has-small-font-size is-style-outline--3\"><a class=\"wp-block-button__link has-text-color wp-element-button\" href=\"#auswahl\" style=\"border-radius:100px;color:#2e6e2b\">zur\u00fcck zur Workshop-Auswahl<\/a><\/div>\n<\/div>\n","protected":false},"excerpt":{"rendered":"<p>Workshops \/ Themenspazierg\u00e4nge f\u00fcr Kinder Aus folgenden Workshop-Themen kann gew\u00e4hlt werden &#8211; oder man macht einfach bei allen mit \ud83d\ude09 Die Termine f\u00fcr die Workshops werden im Reitbuch bekannt gegeben und regelm\u00e4\u00dfig aktualisiert. Workshop&#46;&#46;&#46;<\/p>\n","protected":false},"author":2,"featured_media":0,"parent":0,"menu_order":0,"comment_status":"closed","ping_status":"closed","template":"","meta":{"footnotes":""},"class_list":["post-3769","page","type-page","status-publish","hentry"],"_links":{"self":[{"href":"https:\/\/hirtenhof-illsitz.com\/index.php?rest_route=\/wp\/v2\/pages\/3769","targetHints":{"allow":["GET"]}}],"collection":[{"href":"https:\/\/hirtenhof-illsitz.com\/index.php?rest_route=\/wp\/v2\/pages"}],"about":[{"href":"https:\/\/hirtenhof-illsitz.com\/index.php?rest_route=\/wp\/v2\/types\/page"}],"author":[{"embeddable":true,"href":"https:\/\/hirtenhof-illsitz.com\/index.php?rest_route=\/wp\/v2\/users\/2"}],"replies":[{"embeddable":true,"href":"https:\/\/hirtenhof-illsitz.com\/index.php?rest_route=%2Fwp%2Fv2%2Fcomments&post=3769"}],"version-history":[{"count":10,"href":"https:\/\/hirtenhof-illsitz.com\/index.php?rest_route=\/wp\/v2\/pages\/3769\/revisions"}],"predecessor-version":[{"id":4462,"href":"https:\/\/hirtenhof-illsitz.com\/index.php?rest_route=\/wp\/v2\/pages\/3769\/revisions\/4462"}],"wp:attachment":[{"href":"https:\/\/hirtenhof-illsitz.com\/index.php?rest_route=%2Fwp%2Fv2%2Fmedia&parent=3769"}],"curies":[{"name":"wp","href":"https:\/\/api.w.org\/{rel}","templated":true}]}}