{"id":3373,"date":"2022-12-27T16:47:35","date_gmt":"2022-12-27T15:47:35","guid":{"rendered":"http:\/\/hirtenhof-illsitz.com\/?page_id=3373"},"modified":"2026-03-17T07:39:24","modified_gmt":"2026-03-17T06:39:24","slug":"termine","status":"publish","type":"page","link":"https:\/\/hirtenhof-illsitz.com\/?page_id=3373","title":{"rendered":"Termine 2026"},"content":{"rendered":"\n<h2 class=\"wp-block-heading\">Unsere Termine rund ums Thema Islandpferde 2026<\/h2>\n\n\n\n<p>Alle Termine k\u00f6nnen im <a href=\"https:\/\/hirtenhof-illsitz.reitbuch.com\"><strong><em>Reitbuch<\/em><\/strong><\/a> eingesehen und gebucht werden, klickt gern rein und meldet Euch an \ud83d\ude42 Termin\u00e4nderungen sind ebenfalls dem Reitbuch zu entnehmen!!<\/p>\n\n\n\n<div class=\"wp-block-buttons is-layout-flex wp-block-buttons-is-layout-flex\">\n<div class=\"wp-block-button is-style-outline is-style-outline--1\"><a class=\"wp-block-button__link has-white-color has-midnight-gradient-background has-text-color has-background has-link-color wp-element-button\" href=\"https:\/\/hirtenhof-illsitz.reitbuch.com\/course.php\" style=\"border-radius:10px\">Januar<\/a><\/div>\n<\/div>\n\n\n\n<div style=\"height:10px\" aria-hidden=\"true\" class=\"wp-block-spacer\"><\/div>\n\n\n\n<p>15.-18.01.2026 Messe Partner Pferd Leipzig mit dem <strong><em>Showteam Mitteldeutschland<\/em><\/strong><\/p>\n\n\n\n<div style=\"height:10px\" aria-hidden=\"true\" class=\"wp-block-spacer\"><\/div>\n\n\n\n<div class=\"wp-block-buttons is-layout-flex wp-block-buttons-is-layout-flex\">\n<div class=\"wp-block-button is-style-outline is-style-outline--2\"><a class=\"wp-block-button__link has-white-color has-midnight-gradient-background has-text-color has-background has-link-color wp-element-button\" href=\"https:\/\/hirtenhof-illsitz.reitbuch.com\/course.php\" style=\"border-radius:10px\">Februar<\/a><\/div>\n<\/div>\n\n\n\n<div style=\"height:10px\" aria-hidden=\"true\" class=\"wp-block-spacer\"><\/div>\n\n\n\n<p>21.02.2026 Vielseitigkeitstag<\/p>\n\n\n\n<p>28.02.2026 Trainingstag<\/p>\n\n\n\n<div style=\"height:10px\" aria-hidden=\"true\" class=\"wp-block-spacer\"><\/div>\n\n\n\n<div class=\"wp-block-buttons is-layout-flex wp-block-buttons-is-layout-flex\">\n<div class=\"wp-block-button is-style-outline is-style-outline--3\"><a class=\"wp-block-button__link has-white-color has-midnight-gradient-background has-text-color has-background has-link-color wp-element-button\" href=\"https:\/\/hirtenhof-illsitz.reitbuch.com\/course.php\" style=\"border-radius:10px\">M\u00e4rz<\/a><\/div>\n<\/div>\n\n\n\n<div style=\"height:10px\" aria-hidden=\"true\" class=\"wp-block-spacer\"><\/div>\n\n\n\n<p>13.03.-15.03.2026 IPZV Longierabzeichen 1 + 2<\/p>\n\n\n\n<p>14.03.-15.03.2026 Longieren &#8211; sinnvoll und richtig &#8211; 1,5 Tage &#8211; Kurs<\/p>\n\n\n\n<p>14.03.2026 Vielseitigkeitstag<\/p>\n\n\n\n<p>21.03.-22.03.2026 T\u00f6lt-Wochenende<\/p>\n\n\n\n<p>28.03.2026 Jugendtageskurs &#8220;Quadrille&#8221;<\/p>\n\n\n\n<div style=\"height:10px\" aria-hidden=\"true\" class=\"wp-block-spacer\"><\/div>\n\n\n\n<div class=\"wp-block-buttons is-layout-flex wp-block-buttons-is-layout-flex\">\n<div class=\"wp-block-button is-style-outline is-style-outline--4\"><a class=\"wp-block-button__link has-white-color has-midnight-gradient-background has-text-color has-background has-link-color wp-element-button\" href=\"https:\/\/hirtenhof-illsitz.reitbuch.com\/course.php\" style=\"border-radius:10px\">April<\/a><\/div>\n<\/div>\n\n\n\n<div style=\"height:10px\" aria-hidden=\"true\" class=\"wp-block-spacer\"><\/div>\n\n\n\n<div class=\"wp-block-group\"><div class=\"wp-block-group__inner-container is-layout-constrained wp-block-group-is-layout-constrained\">\n<p>03.04.-04.04.2026 Trainingstreff &#8220;Team Junge Reiter LV MD&#8221; auf dem Lipperthof<\/p>\n\n\n\n<p>06.04.-12.04.2026 IPZV Reitabzeichen \/ Jugendreitabzeichen 1 + 2<\/p>\n\n\n\n<p>06.04.-11.04.2026 Trainingstage Osterferien<\/p>\n\n\n\n<p>07.04.-11.04.2026 Motivationsabzeichen<\/p>\n\n\n\n<p>11.+12.04.2026 API-Pr\u00fcfungstage Ostern<\/p>\n\n\n\n<p>18.04.2026 Vielseitigkeitstag<\/p>\n\n\n\n<p>25.04.-26.04.2026 Trainingswochenende &#8220;Turniervorbereitung&#8221; &#8211; Teamtreff &#8220;Junge Reiter&#8221;<\/p>\n\n\n\n<div style=\"height:10px\" aria-hidden=\"true\" class=\"wp-block-spacer\"><\/div>\n<\/div><\/div>\n\n\n\n<div class=\"wp-block-buttons is-layout-flex wp-block-buttons-is-layout-flex\">\n<div class=\"wp-block-button is-style-outline is-style-outline--5\"><a class=\"wp-block-button__link has-white-color has-midnight-gradient-background has-text-color has-background has-link-color wp-element-button\" href=\"https:\/\/hirtenhof-illsitz.reitbuch.com\/course.php\" style=\"border-radius:10px\">Mai<\/a><\/div>\n<\/div>\n\n\n\n<div style=\"height:10px\" aria-hidden=\"true\" class=\"wp-block-spacer\"><\/div>\n\n\n\n<p>09.05.2026 Vielseitigkeitstag<\/p>\n\n\n\n<p>09.05.2026 Trainingstag<\/p>\n\n\n\n<p>23.05.2026 Jugendtageskurs &#8220;Freiarbeit&#8221;<\/p>\n\n\n\n<p>30.05.2026 Vielseitigkeitstag<\/p>\n\n\n\n<div style=\"height:10px\" aria-hidden=\"true\" class=\"wp-block-spacer\"><\/div>\n\n\n\n<div class=\"wp-block-buttons is-layout-flex wp-block-buttons-is-layout-flex\">\n<div class=\"wp-block-button is-style-outline is-style-outline--6\"><a class=\"wp-block-button__link has-white-color has-midnight-gradient-background has-text-color has-background has-link-color wp-element-button\" href=\"https:\/\/hirtenhof-illsitz.reitbuch.com\/course.php\" style=\"border-radius:10px\">Juni<\/a><\/div>\n<\/div>\n\n\n\n<div style=\"height:10px\" aria-hidden=\"true\" class=\"wp-block-spacer\"><\/div>\n\n\n\n<p>06.06.2026 Trainingstag<\/p>\n\n\n\n<p>20.06.2026 Vielseitigkeitstag<\/p>\n\n\n\n<p>27.06.2026 Trainingstag <\/p>\n\n\n\n<div style=\"height:10px\" aria-hidden=\"true\" class=\"wp-block-spacer\"><\/div>\n\n\n\n<div class=\"wp-block-buttons is-layout-flex wp-block-buttons-is-layout-flex\">\n<div class=\"wp-block-button is-style-outline is-style-outline--7\"><a class=\"wp-block-button__link has-white-color has-midnight-gradient-background has-text-color has-background has-link-color wp-element-button\" href=\"https:\/\/hirtenhof-illsitz.reitbuch.com\/course.php\" style=\"border-radius:10px\">Juli<\/a><\/div>\n<\/div>\n\n\n\n<div style=\"height:10px\" aria-hidden=\"true\" class=\"wp-block-spacer\"><\/div>\n\n\n\n<p>05.07.-10.07.2026 Ferien mit Islandpferden &#8211; \u00dcbernachtungsg\u00e4ste &#8211; Woche 1 &#8220;Gjafar&#8221;<\/p>\n\n\n\n<p>06.07.-10.07.2026 Ferien mit Islandpferden &#8211; Tagesg\u00e4ste &#8211; Woche 1 &#8220;Gjafar&#8221;<\/p>\n\n\n\n<p>12.07.-17.07.2026 Ferien mit Islandpferden &#8211; \u00dcbernachtungsg\u00e4ste &#8211; Woche 2 &#8220;Stjarna&#8221;<\/p>\n\n\n\n<p>13.07.-17.07.2026 Ferien mit Islandpferden &#8211; Tagesg\u00e4ste &#8211; Woche 2 &#8220;Stjarna&#8221;<\/p>\n\n\n\n<p>19.07.-24.07.2026 Ferien mit Islandpferden &#8211; \u00dcbernachtungsg\u00e4ste &#8211; Woche 3 &#8220;Frosti&#8221; <\/p>\n\n\n\n<p>20.07.-24.07.2026 Ferien mit Islandpferden &#8211; Tagesg\u00e4ste &#8211; Woche 3 &#8220;Frosti&#8221;<\/p>\n\n\n\n<p>26.07.-31.07.2026 Ferien mit Islandpferden &#8211; \u00dcbernachtungsg\u00e4ste &#8211; Woche 4 &#8220;R\u00f6kkva&#8221;<\/p>\n\n\n\n<p>27.07.-31.07.2026 Ferien mit Islandpferden &#8211; Tagesg\u00e4ste &#8211; Woche 4 &#8220;R\u00f6kkva&#8221;<\/p>\n\n\n\n<div style=\"height:10px\" aria-hidden=\"true\" class=\"wp-block-spacer\"><\/div>\n\n\n\n<div class=\"wp-block-buttons is-layout-flex wp-block-buttons-is-layout-flex\">\n<div class=\"wp-block-button is-style-outline is-style-outline--8\"><a class=\"wp-block-button__link has-white-color has-midnight-gradient-background has-text-color has-background has-link-color wp-element-button\" href=\"https:\/\/hirtenhof-illsitz.reitbuch.com\/course.php\" style=\"border-radius:10px\">August<\/a><\/div>\n<\/div>\n\n\n\n<div style=\"height:10px\" aria-hidden=\"true\" class=\"wp-block-spacer\"><\/div>\n\n\n\n<p>02.08.-07.08.2026 Ferien mit Islandpferden &#8211; \u00dcbernachtungsg\u00e4ste &#8211; Woche 5 &#8220;Glesir&#8221;<\/p>\n\n\n\n<p>03.08.-07.08.2026 Ferien mit Islandpferden &#8211; Tagesg\u00e4ste &#8211; Woche 5 &#8220;Glesir&#8221;<\/p>\n\n\n\n<p>09.08.-14.08.2026 Ferien mit Islandpferden &#8211; \u00dcbernachtungsg\u00e4ste &#8211; Woche 6 &#8220;Silpa&#8221;<\/p>\n\n\n\n<p>10.08.-14.08.2026 Ferien mit Islandpferden &#8211; Tagesg\u00e4ste &#8211; Woche 6 &#8220;Silpa&#8221;<\/p>\n\n\n\n<p>29.08.2026 Trainingstag<\/p>\n\n\n\n<p>29.08.2026 Vielseitigkeitstag<\/p>\n\n\n\n<p>30.08.2026 Hofbrunch<\/p>\n\n\n\n<div style=\"height:10px\" aria-hidden=\"true\" class=\"wp-block-spacer\"><\/div>\n\n\n\n<div class=\"wp-block-buttons is-layout-flex wp-block-buttons-is-layout-flex\">\n<div class=\"wp-block-button is-style-outline is-style-outline--9\"><a class=\"wp-block-button__link has-white-color has-midnight-gradient-background has-text-color has-background has-link-color wp-element-button\" href=\"https:\/\/hirtenhof-illsitz.reitbuch.com\/course.php\" style=\"border-radius:10px\">September<\/a><\/div>\n<\/div>\n\n\n\n<div style=\"height:10px\" aria-hidden=\"true\" class=\"wp-block-spacer\"><\/div>\n\n\n\n<p>05.09.-06.09.2026 Wochenendkurs mit Rosl R\u00f6ssner (IPZV Ausbilderin)<\/p>\n\n\n\n<p>11.09.-12.09.2026 Fohlenreise des LV Mitteldeutschland<\/p>\n\n\n\n<p>19.09.2026 Krimi-Ritt<\/p>\n\n\n\n<p>26.09.-27.09.2026 Jugendwochenende &#8220;Team Junge Reiter LV MD&#8221;<\/p>\n\n\n\n<p>26.09.2026 Trainingstag<\/p>\n\n\n\n<div style=\"height:10px\" aria-hidden=\"true\" class=\"wp-block-spacer\"><\/div>\n\n\n\n<div class=\"wp-block-buttons is-layout-flex wp-block-buttons-is-layout-flex\">\n<div class=\"wp-block-button is-style-outline is-style-outline--10\"><a class=\"wp-block-button__link has-white-color has-midnight-gradient-background has-text-color has-background has-link-color wp-element-button\" href=\"https:\/\/hirtenhof-illsitz.reitbuch.com\/course.php\" style=\"border-radius:10px\">Oktober<\/a><\/div>\n<\/div>\n\n\n\n<div style=\"height:10px\" aria-hidden=\"true\" class=\"wp-block-spacer\"><\/div>\n\n\n\n<p>10.10.-16.10.2026 Trainingstage Herbstferien<\/p>\n\n\n\n<p>10.10.2026 Vielseitigkeitstag<\/p>\n\n\n\n<p>11.10.-17.10.2026 IPZV Reitabzeichen \/ Jugendreitabzeichen 1 + 2<\/p>\n\n\n\n<p>12.10.-17.10.2026 Motivationsabzeichen<\/p>\n\n\n\n<p>17.10.2026 API-Pr\u00fcfungstag Herbst<\/p>\n\n\n\n<p>19.10.-25.10.2026 Trainingstage Herbstferien<\/p>\n\n\n\n<p>31.10.2026 Halloween-Special<\/p>\n\n\n\n<div style=\"height:10px\" aria-hidden=\"true\" class=\"wp-block-spacer\"><\/div>\n\n\n\n<div class=\"wp-block-buttons is-layout-flex wp-block-buttons-is-layout-flex\">\n<div class=\"wp-block-button is-style-outline is-style-outline--11\"><a class=\"wp-block-button__link has-white-color has-midnight-gradient-background has-text-color has-background has-link-color wp-element-button\" href=\"https:\/\/hirtenhof-illsitz.reitbuch.com\/course.php\" style=\"border-radius:10px\">November<\/a><\/div>\n<\/div>\n\n\n\n<div style=\"height:10px\" aria-hidden=\"true\" class=\"wp-block-spacer\"><\/div>\n\n\n\n<p>07.11.2026 Trainingstag<\/p>\n\n\n\n<p>07.11.2026 Vielseitigkeitstag<\/p>\n\n\n\n<p>14.11.-15.11.2026 IPZV Longierabzeichen 1 + 2<\/p>\n\n\n\n<p>14.11.-15.11.2026 IPZV Pferdef\u00fchrerschein Umgang &#8211; Teil 1<\/p>\n\n\n\n<p>20.11.-21.11.2026 IPZV Pferdef\u00fchrerschein Umgang &#8211; Teil 2 (ab Freitag Nachmittag)<\/p>\n\n\n\n<p>22.11.2026 API-Pr\u00fcfungstag &#8211; Pferdef\u00fchrerschein und Longierabzeichen<\/p>\n\n\n\n<div style=\"height:10px\" aria-hidden=\"true\" class=\"wp-block-spacer\"><\/div>\n\n\n\n<div class=\"wp-block-buttons is-layout-flex wp-block-buttons-is-layout-flex\">\n<div class=\"wp-block-button is-style-outline is-style-outline--12\"><a class=\"wp-block-button__link has-white-color has-midnight-gradient-background has-text-color has-background has-link-color wp-element-button\" href=\"https:\/\/hirtenhof-illsitz.reitbuch.com\/course.php\" style=\"border-radius:10px\">Dezember<\/a><\/div>\n<\/div>\n\n\n\n<div style=\"height:10px\" aria-hidden=\"true\" class=\"wp-block-spacer\"><\/div>\n\n\n\n<p>19.12.2026 Weihnachtsspecial Einsteller<\/p>\n\n\n\n<p><\/p>\n","protected":false},"excerpt":{"rendered":"<p>Unsere Termine rund ums Thema Islandpferde 2026 Alle Termine k\u00f6nnen im Reitbuch eingesehen und gebucht werden, klickt gern rein und meldet Euch an \ud83d\ude42 Termin\u00e4nderungen sind ebenfalls dem Reitbuch zu entnehmen!! 15.-18.01.2026 Messe Partner&#46;&#46;&#46;<\/p>\n","protected":false},"author":2,"featured_media":0,"parent":0,"menu_order":0,"comment_status":"closed","ping_status":"closed","template":"","meta":{"footnotes":""},"class_list":["post-3373","page","type-page","status-publish","hentry"],"_links":{"self":[{"href":"https:\/\/hirtenhof-illsitz.com\/index.php?rest_route=\/wp\/v2\/pages\/3373","targetHints":{"allow":["GET"]}}],"collection":[{"href":"https:\/\/hirtenhof-illsitz.com\/index.php?rest_route=\/wp\/v2\/pages"}],"about":[{"href":"https:\/\/hirtenhof-illsitz.com\/index.php?rest_route=\/wp\/v2\/types\/page"}],"author":[{"embeddable":true,"href":"https:\/\/hirtenhof-illsitz.com\/index.php?rest_route=\/wp\/v2\/users\/2"}],"replies":[{"embeddable":true,"href":"https:\/\/hirtenhof-illsitz.com\/index.php?rest_route=%2Fwp%2Fv2%2Fcomments&post=3373"}],"version-history":[{"count":10,"href":"https:\/\/hirtenhof-illsitz.com\/index.php?rest_route=\/wp\/v2\/pages\/3373\/revisions"}],"predecessor-version":[{"id":4581,"href":"https:\/\/hirtenhof-illsitz.com\/index.php?rest_route=\/wp\/v2\/pages\/3373\/revisions\/4581"}],"wp:attachment":[{"href":"https:\/\/hirtenhof-illsitz.com\/index.php?rest_route=%2Fwp%2Fv2%2Fmedia&parent=3373"}],"curies":[{"name":"wp","href":"https:\/\/api.w.org\/{rel}","templated":true}]}}