{"id":2630,"date":"2022-02-21T20:19:33","date_gmt":"2022-02-21T19:19:33","guid":{"rendered":"http:\/\/hirtenhof-illsitz.com\/?page_id=2630"},"modified":"2022-02-22T16:19:55","modified_gmt":"2022-02-22T15:19:55","slug":"die-therapiepferde","status":"publish","type":"page","link":"https:\/\/hirtenhof-illsitz.com\/?page_id=2630","title":{"rendered":"Die Therapiepferde"},"content":{"rendered":"\n<h3 class=\"wp-block-heading\"><span class=\"has-inline-color has-vivid-red-color\">Die Therapiepferde &#8211; unsere Co-Therapeuten<\/span><\/h3>\n\n\n\n<div class=\"wp-block-media-text alignwide has-media-on-the-right is-stacked-on-mobile\"><figure class=\"wp-block-media-text__media\"><img loading=\"lazy\" decoding=\"async\" width=\"1024\" height=\"916\" src=\"http:\/\/hirtenhof-illsitz.com\/wp-content\/uploads\/2022\/02\/SaraSaeli-e1645473396401-1024x916.jpg\" alt=\"\" class=\"wp-image-2660 size-full\" srcset=\"https:\/\/hirtenhof-illsitz.com\/wp-content\/uploads\/2022\/02\/SaraSaeli-e1645473396401-1024x916.jpg 1024w, https:\/\/hirtenhof-illsitz.com\/wp-content\/uploads\/2022\/02\/SaraSaeli-e1645473396401-300x268.jpg 300w, https:\/\/hirtenhof-illsitz.com\/wp-content\/uploads\/2022\/02\/SaraSaeli-e1645473396401-768x687.jpg 768w, https:\/\/hirtenhof-illsitz.com\/wp-content\/uploads\/2022\/02\/SaraSaeli-e1645473396401.jpg 1285w\" sizes=\"auto, (max-width: 1024px) 100vw, 1024px\" \/><\/figure><div class=\"wp-block-media-text__content\">\n<h3 class=\"wp-block-heading\"><span class=\"has-inline-color has-vivid-red-color\">Sara<\/span><\/h3>\n\n\n\n<p>Sara ist eine erfahrene, absolut ersch\u00fctterungsfreie und sehr m\u00fctterliche Stute.<\/p>\n\n\n\n<p>Sie hat schon vielen Fohlen das Leben geschenkt. Daher kommt wahrscheinlich auch ihr Gefallen an kleinen und nat\u00fcrlich auch gro\u00dfen Menschen.<\/p>\n\n\n\n<p>Mit ihrer gro\u00dfen Sensibilit\u00e4t f\u00fcr die Bed\u00fcrfnisse v.a. von Kindern ist auf sie immer Verlass.<\/p>\n<\/div><\/div>\n\n\n\n<div style=\"height:7px\" aria-hidden=\"true\" class=\"wp-block-spacer\"><\/div>\n\n\n\n<div class=\"wp-block-media-text alignwide has-media-on-the-right is-stacked-on-mobile\"><figure class=\"wp-block-media-text__media\"><img loading=\"lazy\" decoding=\"async\" width=\"1024\" height=\"768\" src=\"http:\/\/hirtenhof-illsitz.com\/wp-content\/uploads\/2022\/02\/IMG_20210629_163302-1024x768.jpg\" alt=\"\" class=\"wp-image-2653 size-full\" srcset=\"https:\/\/hirtenhof-illsitz.com\/wp-content\/uploads\/2022\/02\/IMG_20210629_163302-1024x768.jpg 1024w, https:\/\/hirtenhof-illsitz.com\/wp-content\/uploads\/2022\/02\/IMG_20210629_163302-300x225.jpg 300w, https:\/\/hirtenhof-illsitz.com\/wp-content\/uploads\/2022\/02\/IMG_20210629_163302-768x576.jpg 768w, https:\/\/hirtenhof-illsitz.com\/wp-content\/uploads\/2022\/02\/IMG_20210629_163302-1536x1152.jpg 1536w, https:\/\/hirtenhof-illsitz.com\/wp-content\/uploads\/2022\/02\/IMG_20210629_163302-2048x1536.jpg 2048w\" sizes=\"auto, (max-width: 1024px) 100vw, 1024px\" \/><\/figure><div class=\"wp-block-media-text__content\">\n<h3 class=\"wp-block-heading\"><span class=\"has-inline-color has-vivid-red-color\">Tirza<\/span><\/h3>\n\n\n\n<p>Tirza ist eine blinde, selbstbestimmte Stute, die der Welt zeigt, dass das Leben auch mit scheinbar schwerem Handicap voller Freude ist. <\/p>\n\n\n\n<p>Mit ihr k\u00f6nnen wir lernen, mit allen Sinnen im Hier und Jetzt zu sein, Verantwortung zu \u00fcbernehmen und auch, das wahre St\u00e4rke von innen kommt.<\/p>\n<\/div><\/div>\n\n\n\n<div style=\"height:36px\" aria-hidden=\"true\" class=\"wp-block-spacer\"><\/div>\n\n\n\n<div class=\"wp-block-buttons is-content-justification-center is-layout-flex wp-block-buttons-is-layout-flex\">\n<div class=\"wp-block-button is-style-outline is-style-outline--1\"><a class=\"wp-block-button__link has-vivid-red-color has-text-color\" href=\"http:\/\/hirtenhof-illsitz.com\/?page_id=178\">zur\u00fcck zur Therapieseite<\/a><\/div>\n<\/div>\n","protected":false},"excerpt":{"rendered":"<p>Die Therapiepferde &#8211; unsere Co-Therapeuten Sara Sara ist eine erfahrene, absolut ersch\u00fctterungsfreie und sehr m\u00fctterliche Stute. Sie hat schon vielen Fohlen das Leben geschenkt. Daher kommt wahrscheinlich auch ihr Gefallen an kleinen und nat\u00fcrlich&#46;&#46;&#46;<\/p>\n","protected":false},"author":2,"featured_media":0,"parent":178,"menu_order":0,"comment_status":"closed","ping_status":"closed","template":"","meta":{"footnotes":""},"class_list":["post-2630","page","type-page","status-publish","hentry"],"_links":{"self":[{"href":"https:\/\/hirtenhof-illsitz.com\/index.php?rest_route=\/wp\/v2\/pages\/2630","targetHints":{"allow":["GET"]}}],"collection":[{"href":"https:\/\/hirtenhof-illsitz.com\/index.php?rest_route=\/wp\/v2\/pages"}],"about":[{"href":"https:\/\/hirtenhof-illsitz.com\/index.php?rest_route=\/wp\/v2\/types\/page"}],"author":[{"embeddable":true,"href":"https:\/\/hirtenhof-illsitz.com\/index.php?rest_route=\/wp\/v2\/users\/2"}],"replies":[{"embeddable":true,"href":"https:\/\/hirtenhof-illsitz.com\/index.php?rest_route=%2Fwp%2Fv2%2Fcomments&post=2630"}],"version-history":[{"count":10,"href":"https:\/\/hirtenhof-illsitz.com\/index.php?rest_route=\/wp\/v2\/pages\/2630\/revisions"}],"predecessor-version":[{"id":2721,"href":"https:\/\/hirtenhof-illsitz.com\/index.php?rest_route=\/wp\/v2\/pages\/2630\/revisions\/2721"}],"up":[{"embeddable":true,"href":"https:\/\/hirtenhof-illsitz.com\/index.php?rest_route=\/wp\/v2\/pages\/178"}],"wp:attachment":[{"href":"https:\/\/hirtenhof-illsitz.com\/index.php?rest_route=%2Fwp%2Fv2%2Fmedia&parent=2630"}],"curies":[{"name":"wp","href":"https:\/\/api.w.org\/{rel}","templated":true}]}}