{"id":201,"date":"2019-01-12T12:20:35","date_gmt":"2019-01-12T11:20:35","guid":{"rendered":"http:\/\/hirtenhof-illsitz.com\/?page_id=201"},"modified":"2025-12-29T11:54:20","modified_gmt":"2025-12-29T10:54:20","slug":"kontakt-oeffnungszeiten-anfahrt","status":"publish","type":"page","link":"https:\/\/hirtenhof-illsitz.com\/?page_id=201","title":{"rendered":"Kontaktformular, \u00d6ffnungszeiten, Anfahrt"},"content":{"rendered":"\n<figure class=\"wp-block-table is-style-regular\"><table><tbody><tr><td class=\"has-text-align-center\" data-align=\"center\"><em><strong>\u00d6ffnungszeiten der Reitschule:<\/strong><\/em><br>Montag bis Freitag<br>jeweils 14.30 Uhr \u2013 19.00Uhr<br><span class=\"has-inline-color has-vivid-red-color\">Bitte die Reitschulfreien Zeiten beachten!!!<\/span><br><br><em><strong>\u00d6ffnungszeiten B\u00fcro:<\/strong><\/em><br>Montag bis Freitag<br>13 -15 Uhr<br><span class=\"has-inline-color has-vivid-red-color\">Zumindest ist die Chance, jemanden zu erreichen, zu der Zeit am gr\u00f6\u00dften \ud83d\ude09<\/span><\/td><\/tr><\/tbody><\/table><\/figure>\n\n\n\n<hr class=\"wp-block-separator has-css-opacity\"\/>\n\n\n\n<h5 class=\"wp-block-heading\"><strong>Lage:<\/strong><\/h5>\n\n\n\n<p>Der HIRTENHOF Illsitz liegt in Ostth\u00fcringen, zwischen Schm\u00f6lln und Altenburg, nahe der B7 und nur 20 min von der A4 entfernt. Bei Gleina von der B7 abfahren, den Ort durchfahren \u2013 nach 2 km sind Sie in Illsitz angekommen. Der Hof ist ausgeschildert.<\/p>\n\n\n\n<p>Am Ortseingang Illsitz, an der ersten Kreuzung ins Dorf einbiegen. Der gepflasterten Dorfstra\u00dfe 50m folgen. Dann nach rechts auf einen Sandweg einbiegen. Der erste Hof am Ende der Stra\u00dfe ist der HIRTENHOF Illsitz mit Parkplatz direkt vor dem Hof.<\/p>\n\n\n\n<div style=\"height:15px\" aria-hidden=\"true\" class=\"wp-block-spacer\"><\/div>\n\n\n\n<hr class=\"wp-block-separator has-css-opacity\"\/>\n\n\n\n<h5 class=\"wp-block-heading\"><strong>Anfahrt:<\/strong><\/h5>\n\n\n\n<p><a href=\"https:\/\/www.google.de\/maps\/place\/HIRTENHOF+Illsitz\/@50.935,12.37267,15z\/data=!4m5!3m4!1s0x0:0xbcac9c82209b56bb!8m2!3d50.935!4d12.37267\" target=\"_blank\" rel=\"noreferrer noopener\">Google-Maps-Karte mit Routenplaner<\/a> \/ (Hirtenhof Illsitz als Ziel eingeben)<\/p>\n\n\n\n<p><\/p>\n","protected":false},"excerpt":{"rendered":"<p>\u00d6ffnungszeiten der Reitschule:Montag bis Freitagjeweils 14.30 Uhr \u2013 19.00UhrBitte die Reitschulfreien Zeiten beachten!!! \u00d6ffnungszeiten B\u00fcro:Montag bis Freitag13 -15 UhrZumindest ist die Chance, jemanden zu erreichen, zu der Zeit am gr\u00f6\u00dften \ud83d\ude09 Lage: Der HIRTENHOF&#46;&#46;&#46;<\/p>\n","protected":false},"author":1,"featured_media":0,"parent":0,"menu_order":0,"comment_status":"closed","ping_status":"closed","template":"","meta":{"footnotes":""},"class_list":["post-201","page","type-page","status-publish","hentry"],"_links":{"self":[{"href":"https:\/\/hirtenhof-illsitz.com\/index.php?rest_route=\/wp\/v2\/pages\/201","targetHints":{"allow":["GET"]}}],"collection":[{"href":"https:\/\/hirtenhof-illsitz.com\/index.php?rest_route=\/wp\/v2\/pages"}],"about":[{"href":"https:\/\/hirtenhof-illsitz.com\/index.php?rest_route=\/wp\/v2\/types\/page"}],"author":[{"embeddable":true,"href":"https:\/\/hirtenhof-illsitz.com\/index.php?rest_route=\/wp\/v2\/users\/1"}],"replies":[{"embeddable":true,"href":"https:\/\/hirtenhof-illsitz.com\/index.php?rest_route=%2Fwp%2Fv2%2Fcomments&post=201"}],"version-history":[{"count":9,"href":"https:\/\/hirtenhof-illsitz.com\/index.php?rest_route=\/wp\/v2\/pages\/201\/revisions"}],"predecessor-version":[{"id":4456,"href":"https:\/\/hirtenhof-illsitz.com\/index.php?rest_route=\/wp\/v2\/pages\/201\/revisions\/4456"}],"wp:attachment":[{"href":"https:\/\/hirtenhof-illsitz.com\/index.php?rest_route=%2Fwp%2Fv2%2Fmedia&parent=201"}],"curies":[{"name":"wp","href":"https:\/\/api.w.org\/{rel}","templated":true}]}}