{"id":176,"date":"2019-01-12T11:57:18","date_gmt":"2019-01-12T10:57:18","guid":{"rendered":"http:\/\/hirtenhof-illsitz.com\/?page_id=176"},"modified":"2025-12-29T11:33:15","modified_gmt":"2025-12-29T10:33:15","slug":"ferien-mit-islandpferden","status":"publish","type":"page","link":"https:\/\/hirtenhof-illsitz.com\/?page_id=176","title":{"rendered":"Ferien mit Islandpferden"},"content":{"rendered":"\n<p><\/p>\n\n\n\n<h2 class=\"wp-block-heading has-text-align-center\" id=\"seitennavigation\">(Sommer-)Ferien mit Islandpferden <\/h2>\n\n\n\n<div class=\"wp-block-buttons has-custom-font-size is-horizontal is-content-justification-center is-layout-flex wp-container-core-buttons-is-layout-499968f5 wp-block-buttons-is-layout-flex\" style=\"font-size:38px;font-style:normal;font-weight:700;text-decoration:none;text-transform:none\">\n<div class=\"wp-block-button has-custom-width wp-block-button__width-75 has-custom-font-size is-style-fill has-normal-font-size\"><a class=\"wp-block-button__link has-white-color has-vivid-red-background-color has-text-color has-background wp-element-button\" href=\"https:\/\/hirtenhof-illsitz.reitbuch.com\/course.php\" style=\"border-radius:5px\" target=\"_blank\" rel=\"noreferrer noopener\">Buchung &amp; Belegung 2026<\/a><\/div>\n<\/div>\n\n\n\n<p class=\"has-text-align-center\">zu finden im Reitbuch (Link oben nutzen)<\/p>\n\n\n\n<div style=\"height:15px\" aria-hidden=\"true\" class=\"wp-block-spacer\"><\/div>\n\n\n\n<p class=\"has-text-align-center\" id=\"sommerferien1\"><a href=\"#sommerferien1\">Was zeichnet unsere Sommerferien aus?<\/a><\/p>\n\n\n\n<p class=\"has-text-align-center\"><a href=\"#sommerferien2\">Allgemeine Infos zu den Sommerferien<\/a><\/p>\n\n\n\n<p class=\"has-text-align-center\"><a href=\"#sommerferien3\">Pferdestunden &amp; Reitunterricht<\/a><\/p>\n\n\n\n<p class=\"has-text-align-center\"><a href=\"#sommerferien4\">Organisatorisches<\/a><\/p>\n\n\n\n<p class=\"has-text-align-center\"><a href=\"#sommerferien5\">Preise<\/a><\/p>\n\n\n\n<p class=\"has-text-align-center\"><\/p>\n\n\n\n<hr class=\"wp-block-separator has-css-opacity\"\/>\n\n\n\n<h3 class=\"wp-block-heading has-text-align-center\" id=\"sommerferien1\">Was zeichnet unsere Sommerferien aus?<\/h3>\n\n\n\n<ul class=\"wp-block-list\">\n<li>eine kleine Gruppe pro Woche, nur 8 \u00dcbernachtungsg\u00e4ste und ca.6 Tagesg\u00e4ste<\/li>\n\n\n\n<li>24h Betreuer vor Ort, Betreuerzimmer direkt erreichbar (gleiche Etage), alles in einem Haus<\/li>\n\n\n\n<li>Vollverpflegung; dabei wird das Essen immer frisch zubereitet! Zutaten (Obst, Gem\u00fcse und Fleisch) werden gr\u00f6\u00dftenteils bei heimischen Betrieben gekauft, Getr\u00e4nke komplett inklusive<\/li>\n\n\n\n<li>Individueller Reitunterricht bei IPZV Trainerinnen B, C und geschulten Angestellten <\/li>\n\n\n\n<li>Anf\u00e4ngerunterricht an der Longe (Einzelunterricht), auf dem Platz mit maximal 3 Kinder (mit Reitlehrer und zus\u00e4tzlichem Betreuer), Fortgeschrittene in 2er-Gruppen oder Einzelunterricht<\/li>\n\n\n\n<li>Einheiten f\u00fcr die Ferieng\u00e4ste zu korrekter Bodenarbeit, Longieren eines Pferdes, Ausritte nach K\u00f6nnensstand<\/li>\n\n\n\n<li>alle Ferieng\u00e4ste haben die M\u00f6glichkeit Einblicke in die t\u00e4gliche Versorgung der Pferde zu erlangen und k\u00f6nnen dabei nat\u00fcrlich gern mithelfen<\/li>\n\n\n\n<li>gut gerittene und ausgebildete Schulpferde, mit korrekt angepasstem Sattelzeug und optimaler Grundversorgung, veterin\u00e4rmedizinischer Versorgung und korrekter Hufpflege\/Beschlag<\/li>\n\n\n\n<li>kreative Bastelprojekte f\u00fcr alle Ferieng\u00e4ste, Bastelecke ist \u00fcber die ganze Woche offen und wird betreut<\/li>\n\n\n\n<li>Abendgestaltung nur f\u00fcr \u00dcbernachtungsg\u00e4ste mit Spieleabend, Pizzaabend, Filmabend und Lagerfeuer<\/li>\n\n\n\n<li>Wunschstunde und Abschlussralley am Freitag<\/li>\n<\/ul>\n\n\n\n<div class=\"wp-block-buttons is-horizontal is-content-justification-right is-layout-flex wp-container-core-buttons-is-layout-ae2fe186 wp-block-buttons-is-layout-flex\">\n<div class=\"wp-block-button has-custom-width wp-block-button__width-25 has-custom-font-size is-style-outline has-small-font-size is-style-outline--1\"><a class=\"wp-block-button__link has-vivid-cyan-blue-color has-text-color wp-element-button\" href=\"#seitennavigation\" style=\"border-radius:33px\">zur\u00fcck nach oben<\/a><\/div>\n<\/div>\n\n\n\n<hr class=\"wp-block-separator has-css-opacity\"\/>\n\n\n\n<h3 class=\"wp-block-heading has-text-align-center\" id=\"sommerferien2\">Ein paar allgemeine Infos zu den Ferien:<\/h3>\n\n\n\n<ul class=\"wp-block-list\">\n<li>Die Ferien sind konzipiert f\u00fcr M\u00e4dchen von 8-16 Jahren<\/li>\n\n\n\n<li>Als Tagesgast auch ab 7 Jahren<\/li>\n\n\n\n<li>Jungs k\u00f6nnen wir aktuell nur als Tagesg\u00e4sten einen Platz anbieten<\/li>\n\n\n\n<li>Wir haben eine \u00fcberschaubare Gruppengr\u00f6\u00dfe von bis zu 14 Kindern pro Woche, maximal 8 \u00dcbernachtungsg\u00e4ste und 6 Tagesg\u00e4ste.<\/li>\n\n\n\n<li>Reiterliche Vorkenntnisse sind nicht erforderlich<\/li>\n\n\n\n<li>Der Reitunterricht findet auf Islandpferden statt<\/li>\n\n\n\n<li>Die Unterrichtserteilung erfolgt durch qualifizierte und eingearbeitete Mitarbeiter<\/li>\n\n\n\n<li>Wir bieten dazu eine vielf\u00e4ltige Rundum-Besch\u00e4ftigung<\/li>\n<\/ul>\n\n\n\n<div class=\"wp-block-buttons is-horizontal is-content-justification-right is-layout-flex wp-container-core-buttons-is-layout-ae2fe186 wp-block-buttons-is-layout-flex\">\n<div class=\"wp-block-button has-custom-width wp-block-button__width-25 has-custom-font-size is-style-outline has-small-font-size is-style-outline--2\"><a class=\"wp-block-button__link has-vivid-cyan-blue-color has-text-color wp-element-button\" href=\"#seitennavigation\" style=\"border-radius:33px\">zur\u00fcck nach oben<\/a><\/div>\n<\/div>\n\n\n\n<hr class=\"wp-block-separator has-css-opacity\"\/>\n\n\n\n<h3 class=\"wp-block-heading has-text-align-center\" id=\"sommerferien3\">Pferdestunden &amp; Reitunterricht<\/h3>\n\n\n\n<p>In den Pferdestunden lernen die Kinder, immer unter Anleitung, das fachgerechte Putzen und Versorgen der Pferde. <\/p>\n\n\n\n<p>Um unsere G\u00e4ste so sicher wie m\u00f6glich im Pferdeumgang zu machen, gibt es auch Einheiten vom Boden aus! Diese beinhalten das Erlernen des korrekten F\u00fchrens, das Erlernen der korrekten K\u00f6rpersprache oder auch Longier\u00fcbungen. <\/p>\n\n\n\n<p>Das Reiten und die Schwerpunkte des Unterrichts werden nach den individuellen F\u00e4higkeiten ausgerichtet, bei fortgeschrittenen Reitern nat\u00fcrlich auch nach den selbst abgesteckten Lernzielen. Der Unterricht findet als Einzel- oder Gruppenunterricht statt, wobei sich regul\u00e4r nicht mehr als 3 Reiter in einer Gruppe befinden. <\/p>\n\n\n\n<p>Gef\u00fchrte Ausritte &#8211; eingeteilt nach K\u00f6nnensstand &#8211; komplettieren unser Programm f\u00fcr die G\u00e4ste. Bei uns besteht Reitkappenpflicht, Leihkappen sind vorhanden.<\/p>\n\n\n\n<div class=\"wp-block-buttons is-horizontal is-content-justification-right is-layout-flex wp-container-core-buttons-is-layout-ae2fe186 wp-block-buttons-is-layout-flex\">\n<div class=\"wp-block-button has-custom-width wp-block-button__width-25 has-custom-font-size is-style-outline has-small-font-size is-style-outline--3\"><a class=\"wp-block-button__link has-vivid-cyan-blue-color has-text-color wp-element-button\" href=\"#seitennavigation\" style=\"border-radius:33px\">zur\u00fcck nach oben<\/a><\/div>\n<\/div>\n\n\n\n<hr class=\"wp-block-separator has-css-opacity\"\/>\n\n\n\n<h3 class=\"wp-block-heading has-text-align-center\" id=\"sommerferien4\">Organisatorisches<\/h3>\n\n\n\n<div class=\"wp-block-media-text alignwide has-media-on-the-right is-stacked-on-mobile\" style=\"grid-template-columns:auto 37%\"><div class=\"wp-block-media-text__content\">\n<h3 class=\"wp-block-heading\">Anreise:<\/h3>\n\n\n\n<ul class=\"wp-block-list\">\n<li>\u00dcbernachtungsg\u00e4ste: Sonntag zwischen 17 und 19 Uhr<\/li>\n\n\n\n<li>Tagesg\u00e4ste: Montag bis Freitag jeweils 9 Uhr<\/li>\n<\/ul>\n\n\n\n<h4 class=\"wp-block-heading\">Abreise:<\/h4>\n\n\n\n<ul class=\"wp-block-list\">\n<li>\u00dcbernachtungsg\u00e4ste: Freitag zwischen 16.30 und 18 Uhr<\/li>\n\n\n\n<li>Tagesg\u00e4ste: Montag bis Freitag jeweils 17 Uhr<\/li>\n<\/ul>\n<\/div><figure class=\"wp-block-media-text__media\"><img loading=\"lazy\" decoding=\"async\" width=\"1024\" height=\"768\" src=\"http:\/\/hirtenhof-illsitz.com\/wp-content\/uploads\/2021\/08\/IMG-20210724-WA0038-1024x768.jpg\" alt=\"\" class=\"wp-image-2121 size-full\" srcset=\"https:\/\/hirtenhof-illsitz.com\/wp-content\/uploads\/2021\/08\/IMG-20210724-WA0038-1024x768.jpg 1024w, https:\/\/hirtenhof-illsitz.com\/wp-content\/uploads\/2021\/08\/IMG-20210724-WA0038-300x225.jpg 300w, https:\/\/hirtenhof-illsitz.com\/wp-content\/uploads\/2021\/08\/IMG-20210724-WA0038-768x576.jpg 768w, https:\/\/hirtenhof-illsitz.com\/wp-content\/uploads\/2021\/08\/IMG-20210724-WA0038-1536x1152.jpg 1536w, https:\/\/hirtenhof-illsitz.com\/wp-content\/uploads\/2021\/08\/IMG-20210724-WA0038.jpg 1600w\" sizes=\"auto, (max-width: 1024px) 100vw, 1024px\" \/><\/figure><\/div>\n\n\n\n<div class=\"wp-block-media-text alignwide has-media-on-the-right is-stacked-on-mobile\" style=\"grid-template-columns:auto 37%\"><div class=\"wp-block-media-text__content\">\n<h4 class=\"wp-block-heading\">R\u00e4umlichkeiten &amp; Verpflegung:<\/h4>\n\n\n\n<ul class=\"wp-block-list\">\n<li>Es ist Platz f\u00fcr 8 \u00dcbernachtungsg\u00e4ste vorhanden, in Form eines gro\u00dfen Gemeinschaftszimmers mit 8 Betten.<\/li>\n\n\n\n<li>2 Aufenthaltsr\u00e4ume, gemeinsamer Mahlzeitgestaltung und entprechend sanit\u00e4re Anlagen sind vorhanden.<\/li>\n\n\n\n<li>Ein Betreuer-Zimmer befindet sich in direkter N\u00e4he zum Schlafraum, die Kinder haben 24h einen Ansprechpartner vor Ort.<\/li>\n\n\n\n<li>Unsere G\u00e4ste erhalten Vollverpflegung, inklusive Getr\u00e4nken, Obst steht zur freien Verf\u00fcgung. \u00dcbernachtungsg\u00e4ste erhalten 4 Mahlzeiten, Tagesg\u00e4ste 2 Mahlzeiten.<\/li>\n\n\n\n<li>Wir haben keine Einkaufsm\u00f6glichkeiten im Ort, hei\u00dfbegehrte S\u00fc\u00dfigkeiten oder Snacks k\u00f6nnen daher in sinnvoller Menge mitgegeben werden.<\/li>\n<\/ul>\n<\/div><figure class=\"wp-block-media-text__media\"><img loading=\"lazy\" decoding=\"async\" width=\"1024\" height=\"768\" src=\"http:\/\/hirtenhof-illsitz.com\/wp-content\/uploads\/2021\/08\/IMG-20210724-WA0037-1024x768.jpg\" alt=\"\" class=\"wp-image-2120 size-full\" srcset=\"https:\/\/hirtenhof-illsitz.com\/wp-content\/uploads\/2021\/08\/IMG-20210724-WA0037-1024x768.jpg 1024w, https:\/\/hirtenhof-illsitz.com\/wp-content\/uploads\/2021\/08\/IMG-20210724-WA0037-300x225.jpg 300w, https:\/\/hirtenhof-illsitz.com\/wp-content\/uploads\/2021\/08\/IMG-20210724-WA0037-768x576.jpg 768w, https:\/\/hirtenhof-illsitz.com\/wp-content\/uploads\/2021\/08\/IMG-20210724-WA0037-1536x1152.jpg 1536w, https:\/\/hirtenhof-illsitz.com\/wp-content\/uploads\/2021\/08\/IMG-20210724-WA0037.jpg 1600w\" sizes=\"auto, (max-width: 1024px) 100vw, 1024px\" \/><\/figure><\/div>\n\n\n\n<h4 class=\"wp-block-heading\">Tagesablauf:<\/h4>\n\n\n\n<p>Wir vergeben KEINE Pflegepferde, sind aber bestrebt, f\u00fcr jedes Kind das passende Pferd heraus zu suchen. Denn bekanntlich lernt es sich am besten, wenn man sich mit und auf dem 4-Beiner wohl f\u00fchlt.<br>Die Mithilfe im Stall ist gern gesehen, diese geh\u00f6rt auch f\u00fcr jeden Reiter in gewissem Ma\u00df zum Lebewesen Pferd und dessen Haltung dazu. Stallarbeit wird bei uns vor 8 Uhr verrichtet und nach 18 Uhr.<\/p>\n\n\n\n<p>Am Vormittag haben alle G\u00e4ste eine feste Reitstunde mit individuellem Schwerpunkt. Anf\u00e4nger beginnen mit Unterricht an der Longe, bei den G\u00e4sten mit Reiterfahrung nutzen wir die erste Einheit immer zur Sichtung und teilen danach f\u00fcr die restliche Woche ein.<\/p>\n\n\n\n<p>In der Mittagszeit bestehen verschiedene M\u00f6glichkeiten der Besch\u00e4ftigung. Ausruhen in der Liege oder auf der Schaukel, Planschen im Pool, Basteln &#8211; oder einfach Freizeit haben und ausruhen.<\/p>\n\n\n\n<p>An den Nachmittagen wechseln sich Aktivit\u00e4ten wie Pferdestunde, Themennachmittage (auch mit Theorie), Bodenarbeit &amp; Zikuslektionen, Reiten ohne Sattel usw. ab.  Auch der Bastelnachmittag und ein sch\u00f6ner Wochenabschluss geh\u00f6ren in unser Programm. Jeder Abend hat einen bestimmten Schwerpunkt: Pizza backen, Film- &amp; Spieleabende oder das Treffen am Lagerfeuer zum Grillen, es werden immer alle \u00dcbernachtungsg\u00e4ste einbezogen \ud83d\ude42<\/p>\n\n\n\n<div class=\"wp-block-buttons is-horizontal is-content-justification-right is-layout-flex wp-container-core-buttons-is-layout-ae2fe186 wp-block-buttons-is-layout-flex\">\n<div class=\"wp-block-button has-custom-width wp-block-button__width-25 has-custom-font-size is-style-outline has-small-font-size is-style-outline--4\"><a class=\"wp-block-button__link has-vivid-cyan-blue-color has-text-color wp-element-button\" href=\"#seitennavigation\" style=\"border-radius:33px\">zur\u00fcck nach oben<\/a><\/div>\n<\/div>\n\n\n\n<hr class=\"wp-block-separator has-css-opacity\"\/>\n\n\n\n<h3 class=\"wp-block-heading has-text-align-center\" id=\"sommerferien5\">Preise<\/h3>\n\n\n\n<figure class=\"wp-block-table is-style-stripes\"><table><tbody><tr><td>\u00dcbernachtungsg\u00e4ste (So 17 Uhr bis Fr 17 Uhr)<\/td><td>460,00 \u20ac<\/td><\/tr><tr><td>Tagesg\u00e4ste (Mo &#8211; Fr, jeweils 9 &#8211; 17 Uhr)<\/td><td>350,00 \u20ac<\/td><\/tr><tr><td>Leihkappe (pro Woche)<\/td><td>10,00 \u20ac<\/td><\/tr><\/tbody><\/table><\/figure>\n\n\n\n<p>Bitte beachten Sie die Hinweise auf dem Anmeldefomular und unsere Allgemeinen Gesch\u00e4ftsbedingungen.<\/p>\n\n\n\n<div class=\"wp-block-buttons is-horizontal is-content-justification-right is-layout-flex wp-container-core-buttons-is-layout-ae2fe186 wp-block-buttons-is-layout-flex\">\n<div class=\"wp-block-button has-custom-width wp-block-button__width-25 has-custom-font-size is-style-outline has-small-font-size is-style-outline--5\"><a class=\"wp-block-button__link has-vivid-cyan-blue-color has-text-color wp-element-button\" href=\"#seitennavigation\" style=\"border-radius:33px\">zur\u00fcck nach oben<\/a><\/div>\n<\/div>\n","protected":false},"excerpt":{"rendered":"<p>(Sommer-)Ferien mit Islandpferden zu finden im Reitbuch (Link oben nutzen) Was zeichnet unsere Sommerferien aus? Allgemeine Infos zu den Sommerferien Pferdestunden &amp; Reitunterricht Organisatorisches Preise Was zeichnet unsere Sommerferien aus? Ein paar allgemeine Infos&#46;&#46;&#46;<\/p>\n","protected":false},"author":2,"featured_media":0,"parent":0,"menu_order":0,"comment_status":"closed","ping_status":"closed","template":"","meta":{"footnotes":""},"class_list":["post-176","page","type-page","status-publish","hentry"],"_links":{"self":[{"href":"https:\/\/hirtenhof-illsitz.com\/index.php?rest_route=\/wp\/v2\/pages\/176","targetHints":{"allow":["GET"]}}],"collection":[{"href":"https:\/\/hirtenhof-illsitz.com\/index.php?rest_route=\/wp\/v2\/pages"}],"about":[{"href":"https:\/\/hirtenhof-illsitz.com\/index.php?rest_route=\/wp\/v2\/types\/page"}],"author":[{"embeddable":true,"href":"https:\/\/hirtenhof-illsitz.com\/index.php?rest_route=\/wp\/v2\/users\/2"}],"replies":[{"embeddable":true,"href":"https:\/\/hirtenhof-illsitz.com\/index.php?rest_route=%2Fwp%2Fv2%2Fcomments&post=176"}],"version-history":[{"count":9,"href":"https:\/\/hirtenhof-illsitz.com\/index.php?rest_route=\/wp\/v2\/pages\/176\/revisions"}],"predecessor-version":[{"id":4443,"href":"https:\/\/hirtenhof-illsitz.com\/index.php?rest_route=\/wp\/v2\/pages\/176\/revisions\/4443"}],"wp:attachment":[{"href":"https:\/\/hirtenhof-illsitz.com\/index.php?rest_route=%2Fwp%2Fv2%2Fmedia&parent=176"}],"curies":[{"name":"wp","href":"https:\/\/api.w.org\/{rel}","templated":true}]}}