{"id":150,"date":"2019-01-11T18:55:29","date_gmt":"2019-01-11T17:55:29","guid":{"rendered":"http:\/\/hirtenhof-illsitz.com\/?page_id=150"},"modified":"2019-02-15T15:14:27","modified_gmt":"2019-02-15T14:14:27","slug":"impressum","status":"publish","type":"page","link":"https:\/\/hirtenhof-illsitz.com\/?page_id=150","title":{"rendered":"Impressum"},"content":{"rendered":"\n<p><strong>Inhaber der Seite:<\/strong><\/p>\n\n\n\n<p>Hirtenhof Illsitz<br>Dorfplatz 8,<br>04626 Illsitz, Deutschland<\/p>\n\n\n\n<p><strong>E-Mail-Kontakt:<\/strong><\/p>\n\n\n\n<p>Ines Lantzsch,&nbsp;<a href=\"mailto:info@hirtenhof-illsitz.de\">info@hirtenhof-illsitz.de<\/a><br><\/p>\n\n\n\n<p><strong>Redaktion:<\/strong><\/p>\n\n\n\n<p>Ines Lantzsch,&nbsp;<a href=\"mailto: info@hirtenhof-illsitz.de\">info@hirtenhof-illsitz.de<\/a><\/p>\n\n\n\n<p><strong>Verantwortlich gem\u00e4\u00df \u00a7 5 TMG:<\/strong><\/p>\n\n\n\n<p>Ines Lantzsch<\/p>\n\n\n\n<p><strong>Verantwortlich f\u00fcr den Inhalt:<\/strong><\/p>\n\n\n\n<p>Ines Lantzsch<\/p>\n\n\n\n<p><strong>Informationen zur Datenschutzgrundverordnung (DSGVO) vom 25.05.2018<\/strong><\/p>\n\n\n\n<p><a href=\"http:\/\/hirtenhof-illsitz.com\/privacy-policy\/?preview_id=3&amp;preview_nonce=2f551d3fb7&amp;preview=true\">Siehe Datenschutzseite<\/a><\/p>\n\n\n\n<p><strong>Haftungsbeschr\u00e4nkung f\u00fcr eigene Inhalte<\/strong><\/p>\n\n\n\n<p>Die Inhalte unserer Webseiten wurden sorgf\u00e4ltig und nach bestem Gewissen erstellt. Gleichwohl kann f\u00fcr die Aktualit\u00e4t, Vollst\u00e4ndigkeit und Richtigkeit s\u00e4mtlicher Seiten keine Gew\u00e4hr \u00fcbernommen werden. Gem\u00e4\u00df \u00a7 7 Abs. 1 TMG sind wir als Diensteanbieter f\u00fcr eigene Inhalte auf diesen Seiten nach den allgemeinen Gesetzen verantwortlich. Wir sind als Diensteanbieter nach den \u00a7\u00a7 8 bis 10 TMG jedoch nicht verpflichtet, \u00fcbermittelte oder gespeicherte fremde Informationen zu \u00fcberwachen. Ab dem Zeitpunkt der Kenntnis einer konkreten Rechtsverletzung erfolgt eine umgehende Entfernung dieser Inhalte durch uns. Eine diesbez\u00fcgliche Haftung kann erst ab dem Zeitpunkt der Kenntniserlangung \u00fcbernommen werden.<\/p>\n\n\n\n<p><strong>Haftungsbeschr\u00e4nkung f\u00fcr externe Links<\/strong><\/p>\n\n\n\n<p>Unsere Webseite enth\u00e4lt Verkn\u00fcpfungen zu Webseiten Dritter (sog. \u201eexterne Links\u201c). Da wir auf deren Inhalte keinen Einfluss haben, kann f\u00fcr die fremden Inhalte keine Gew\u00e4hr \u00fcbernommen werden. F\u00fcr die Inhalte und Richtigkeit der Informationen ist stets der jeweilige Informationsanbieter der verlinkten Webseite verantwortlich. Zum Zeitpunkt der Verlinkung waren keine Rechtsverst\u00f6\u00dfe erkennbar. Sobald uns eine Rechtsverletzung bekannt wird, werden wir den jeweiligen Link umgehend entfernen.<\/p>\n\n\n\n<p><strong>Urheberrecht&nbsp;<\/strong><\/p>\n\n\n\n<p>Die auf dieser Webseite ver\u00f6ffentlichten Inhalte und Werke unterliegen dem deutschen Urheberrecht. Jede Vervielf\u00e4ltigung, Bearbeitung, Verbreitung und jede Art der Verwertung au\u00dferhalb der Grenzen des Urheberrechts bed\u00fcrfen der vorherigen schriftlichen Zustimmung des jeweiligen Urhebers bzw. Autors.<\/p>\n\n\n\n<p><strong>Datenschutz&nbsp;<\/strong><\/p>\n\n\n\n<p>Durch den Besuch unserer Webseite k\u00f6nnen Informationen \u00fcber den Zugriff (Datum, Uhrzeit, aufgerufene Seite) auf dem Server gespeichert werden. Dies stellt keine Auswertung personenbezogener Daten (z.B. Name, Anschrift oder E-Mail Adresse) dar. Sofern personenbezogene Daten erhoben werden, erfolgt dies nur mit dem vorherigen Einverst\u00e4ndnis des Nutzers der Webseite. Eine Weiterleitung der Daten an Dritte findet ohne ausdr\u00fcckliche Zustimmung des Nutzers nicht statt.<\/p>\n\n\n\n<p>Wir weisen ausdr\u00fccklich darauf hin, dass die \u00dcbertragung von Daten im Internet (z.B. per E-Mail) Sicherheitsl\u00fccken aufweisen kann. Ein l\u00fcckenloser Schutz der Daten vor dem Zugriff Dritter ist nicht m\u00f6glich. Wir k\u00f6nnen keine Haftung f\u00fcr die durch solche Sicherheitsl\u00fccken entstehenden Sch\u00e4den \u00fcbernehmen. Der Verwendung aller ver\u00f6ffentlichten Kontaktdaten durch Dritte zum Zwecke von Werbung wird ausdr\u00fccklich widersprochen. Wir behalten uns rechtliche Schritte f\u00fcr den Fall der unverlangten Zusendung von Werbeinformationen, z.B. durch Spam-Mails, vor.<\/p>\n\n\n\n<h6 class=\"wp-block-heading\">QUELLE: ROSE &amp; PARTNER RECHTSANW\u00c4LTE UND STEUERBERATER UND WWW.MUSTERVORLAGE.NET<\/h6>\n\n\n\n<p><\/p>\n","protected":false},"excerpt":{"rendered":"<p>Inhaber der Seite: Hirtenhof IllsitzDorfplatz 8,04626 Illsitz, Deutschland E-Mail-Kontakt: Ines Lantzsch,&nbsp;info@hirtenhof-illsitz.de Redaktion: Ines Lantzsch,&nbsp;info@hirtenhof-illsitz.de Verantwortlich gem\u00e4\u00df \u00a7 5 TMG: Ines Lantzsch Verantwortlich f\u00fcr den Inhalt: Ines Lantzsch Informationen zur Datenschutzgrundverordnung (DSGVO) vom 25.05.2018 Siehe&#46;&#46;&#46;<\/p>\n","protected":false},"author":1,"featured_media":0,"parent":0,"menu_order":0,"comment_status":"closed","ping_status":"closed","template":"","meta":{"footnotes":""},"class_list":["post-150","page","type-page","status-publish","hentry"],"_links":{"self":[{"href":"https:\/\/hirtenhof-illsitz.com\/index.php?rest_route=\/wp\/v2\/pages\/150","targetHints":{"allow":["GET"]}}],"collection":[{"href":"https:\/\/hirtenhof-illsitz.com\/index.php?rest_route=\/wp\/v2\/pages"}],"about":[{"href":"https:\/\/hirtenhof-illsitz.com\/index.php?rest_route=\/wp\/v2\/types\/page"}],"author":[{"embeddable":true,"href":"https:\/\/hirtenhof-illsitz.com\/index.php?rest_route=\/wp\/v2\/users\/1"}],"replies":[{"embeddable":true,"href":"https:\/\/hirtenhof-illsitz.com\/index.php?rest_route=%2Fwp%2Fv2%2Fcomments&post=150"}],"version-history":[{"count":5,"href":"https:\/\/hirtenhof-illsitz.com\/index.php?rest_route=\/wp\/v2\/pages\/150\/revisions"}],"predecessor-version":[{"id":619,"href":"https:\/\/hirtenhof-illsitz.com\/index.php?rest_route=\/wp\/v2\/pages\/150\/revisions\/619"}],"wp:attachment":[{"href":"https:\/\/hirtenhof-illsitz.com\/index.php?rest_route=%2Fwp%2Fv2%2Fmedia&parent=150"}],"curies":[{"name":"wp","href":"https:\/\/api.w.org\/{rel}","templated":true}]}}