{"id":1454,"date":"2020-05-26T22:27:35","date_gmt":"2020-05-26T20:27:35","guid":{"rendered":"http:\/\/hirtenhof-illsitz.com\/?page_id=1454"},"modified":"2025-05-29T08:16:08","modified_gmt":"2025-05-29T06:16:08","slug":"zucht","status":"publish","type":"page","link":"https:\/\/hirtenhof-illsitz.com\/?page_id=1454","title":{"rendered":"Zucht"},"content":{"rendered":"\n<h2 class=\"wp-block-heading\">Zucht<\/h2>\n\n\n\n<div class=\"wp-block-media-text alignwide has-media-on-the-right is-stacked-on-mobile\"><div class=\"wp-block-media-text__content\">\n<p>Wir z\u00fcchten im kleinen Rahmen, haben 2-3 Fohlen pro Jahr. <\/p>\n\n\n\n<p>Seit 2019 haben wir unseren eigenen Deckhengst <a href=\"http:\/\/hirtenhof-illsitz.com\/?page_id=1435\" data-type=\"page\" data-id=\"1435\">\u00c0boti fr\u00e1 Vatnsleysu<\/a>. <\/p>\n\n\n\n<p><\/p>\n\n\n\n<p><\/p>\n<\/div><figure class=\"wp-block-media-text__media\"><img loading=\"lazy\" decoding=\"async\" width=\"1024\" height=\"683\" src=\"http:\/\/hirtenhof-illsitz.com\/wp-content\/uploads\/2020\/05\/Aboti1-1024x683.jpg\" alt=\"\" class=\"wp-image-1444 size-full\" srcset=\"https:\/\/hirtenhof-illsitz.com\/wp-content\/uploads\/2020\/05\/Aboti1-1024x683.jpg 1024w, https:\/\/hirtenhof-illsitz.com\/wp-content\/uploads\/2020\/05\/Aboti1-300x200.jpg 300w, https:\/\/hirtenhof-illsitz.com\/wp-content\/uploads\/2020\/05\/Aboti1-768x512.jpg 768w, https:\/\/hirtenhof-illsitz.com\/wp-content\/uploads\/2020\/05\/Aboti1-1536x1024.jpg 1536w, https:\/\/hirtenhof-illsitz.com\/wp-content\/uploads\/2020\/05\/Aboti1-2048x1365.jpg 2048w\" sizes=\"auto, (max-width: 1024px) 100vw, 1024px\" \/><\/figure><\/div>\n\n\n\n<div style=\"height:14px\" aria-hidden=\"true\" class=\"wp-block-spacer\"><\/div>\n\n\n\n<div class=\"wp-block-media-text alignwide has-media-on-the-right is-stacked-on-mobile\"><div class=\"wp-block-media-text__content\">\n<p>Seit 2025 verst\u00e4rkt unser Junghengst <a href=\"https:\/\/hirtenhof-illsitz.com\/?page_id=4231\" data-type=\"page\" data-id=\"4231\">Dj\u00e1kni vom Idablick<\/a> unsere Zucht.<\/p>\n\n\n\n<p><\/p>\n\n\n\n<p><\/p>\n<\/div><figure class=\"wp-block-media-text__media\"><img loading=\"lazy\" decoding=\"async\" width=\"1024\" height=\"678\" src=\"http:\/\/hirtenhof-illsitz.com\/wp-content\/uploads\/2025\/05\/WhatsApp-Image-2025-05-28-at-14.54.43-1-2-1024x678.jpeg\" alt=\"\" class=\"wp-image-4238 size-full\"\/><\/figure><\/div>\n\n\n\n<div style=\"height:22px\" aria-hidden=\"true\" class=\"wp-block-spacer\"><\/div>\n\n\n\n<p>Unser Zuchtziel sind leichtrittige Pferde, mit sch\u00f6nem Behang und stabilem Fundament. Die G\u00e4nge m\u00f6chten wir sauber getrennt und einen T\u00f6lt, der leicht zu reiten ist. Reitbar und brauchbar als wunderbare, coole Freizeitpartner und Familienpferde, und gleichzeitig spannend genug f\u00fcr ambitionerte Jugendliche \/ Erwachsene, die sich die Teilnahme an dem an Turnieren vorstellen k\u00f6nnen.   <\/p>\n\n\n\n<p>Unsere Nachtzucht macht uns sehr viel Freude. Ein paar spannende Jungstuten aus den vorangegangenen Zuchtjahren lassen nun in Kombination mit Aboti auf schicke neue Fohlenjahrg\u00e4nge hoffen.  <\/p>\n\n\n\n<p>Die ersten Aboti-T\u00f6chter werden ab 2026 mit Dj\u00e1kni dann in die Zucht gehen. Wir sind gespannt!<\/p>\n\n\n\n<p>Unsere Fohlen m\u00f6chten wir gern bei uns aufwachsen sehen und freuen uns an ihrer Entwicklung.<\/p>\n\n\n\n<p>Die Ausbildung unserer Pferde erfolgt mit Pr\u00e4zession und Geduld. Auf dieser Grundlage k\u00f6nnen wir Sie als K\u00e4ufer gut beraten und f\u00fcr eine passende Mensch-Pferd-Kombination sorgen &#8211; hoffentlich f\u00fcr ein ganzes Pferdeleben.<\/p>\n\n\n\n<div style=\"height:8px\" aria-hidden=\"true\" class=\"wp-block-spacer\"><\/div>\n\n\n\n<figure class=\"wp-block-gallery has-nested-images columns-default is-cropped wp-block-gallery-1 is-layout-flex wp-block-gallery-is-layout-flex\">\n<figure class=\"wp-block-image size-large\"><img loading=\"lazy\" decoding=\"async\" width=\"1024\" height=\"1024\" data-id=\"3957\" src=\"https:\/\/hirtenhof-illsitz.com\/wp-content\/uploads\/2024\/06\/Fohlen2-1024x1024.jpg\" alt=\"\" class=\"wp-image-3957\" srcset=\"https:\/\/hirtenhof-illsitz.com\/wp-content\/uploads\/2024\/06\/Fohlen2-1024x1024.jpg 1024w, https:\/\/hirtenhof-illsitz.com\/wp-content\/uploads\/2024\/06\/Fohlen2-300x300.jpg 300w, https:\/\/hirtenhof-illsitz.com\/wp-content\/uploads\/2024\/06\/Fohlen2-150x150.jpg 150w, https:\/\/hirtenhof-illsitz.com\/wp-content\/uploads\/2024\/06\/Fohlen2-768x768.jpg 768w, https:\/\/hirtenhof-illsitz.com\/wp-content\/uploads\/2024\/06\/Fohlen2-600x600.jpg 600w, https:\/\/hirtenhof-illsitz.com\/wp-content\/uploads\/2024\/06\/Fohlen2-160x160.jpg 160w, https:\/\/hirtenhof-illsitz.com\/wp-content\/uploads\/2024\/06\/Fohlen2-80x80.jpg 80w, https:\/\/hirtenhof-illsitz.com\/wp-content\/uploads\/2024\/06\/Fohlen2-320x320.jpg 320w, https:\/\/hirtenhof-illsitz.com\/wp-content\/uploads\/2024\/06\/Fohlen2.jpg 1440w\" sizes=\"auto, (max-width: 1024px) 100vw, 1024px\" \/><\/figure>\n\n\n\n<figure class=\"wp-block-image size-large\"><img loading=\"lazy\" decoding=\"async\" width=\"1024\" height=\"1024\" data-id=\"3959\" src=\"https:\/\/hirtenhof-illsitz.com\/wp-content\/uploads\/2024\/06\/Fohlen3-1024x1024.jpg\" alt=\"\" class=\"wp-image-3959\" srcset=\"https:\/\/hirtenhof-illsitz.com\/wp-content\/uploads\/2024\/06\/Fohlen3-1024x1024.jpg 1024w, https:\/\/hirtenhof-illsitz.com\/wp-content\/uploads\/2024\/06\/Fohlen3-300x300.jpg 300w, https:\/\/hirtenhof-illsitz.com\/wp-content\/uploads\/2024\/06\/Fohlen3-150x150.jpg 150w, https:\/\/hirtenhof-illsitz.com\/wp-content\/uploads\/2024\/06\/Fohlen3-768x768.jpg 768w, https:\/\/hirtenhof-illsitz.com\/wp-content\/uploads\/2024\/06\/Fohlen3-600x600.jpg 600w, https:\/\/hirtenhof-illsitz.com\/wp-content\/uploads\/2024\/06\/Fohlen3-160x160.jpg 160w, https:\/\/hirtenhof-illsitz.com\/wp-content\/uploads\/2024\/06\/Fohlen3-80x80.jpg 80w, https:\/\/hirtenhof-illsitz.com\/wp-content\/uploads\/2024\/06\/Fohlen3-320x320.jpg 320w, https:\/\/hirtenhof-illsitz.com\/wp-content\/uploads\/2024\/06\/Fohlen3.jpg 1440w\" sizes=\"auto, (max-width: 1024px) 100vw, 1024px\" \/><\/figure>\n\n\n\n<figure class=\"wp-block-image size-large\"><img loading=\"lazy\" decoding=\"async\" width=\"1024\" height=\"1024\" data-id=\"3956\" src=\"https:\/\/hirtenhof-illsitz.com\/wp-content\/uploads\/2024\/06\/Fohlen1-1024x1024.jpg\" alt=\"\" class=\"wp-image-3956\" srcset=\"https:\/\/hirtenhof-illsitz.com\/wp-content\/uploads\/2024\/06\/Fohlen1-1024x1024.jpg 1024w, https:\/\/hirtenhof-illsitz.com\/wp-content\/uploads\/2024\/06\/Fohlen1-300x300.jpg 300w, https:\/\/hirtenhof-illsitz.com\/wp-content\/uploads\/2024\/06\/Fohlen1-150x150.jpg 150w, https:\/\/hirtenhof-illsitz.com\/wp-content\/uploads\/2024\/06\/Fohlen1-768x768.jpg 768w, https:\/\/hirtenhof-illsitz.com\/wp-content\/uploads\/2024\/06\/Fohlen1-600x600.jpg 600w, https:\/\/hirtenhof-illsitz.com\/wp-content\/uploads\/2024\/06\/Fohlen1-160x160.jpg 160w, https:\/\/hirtenhof-illsitz.com\/wp-content\/uploads\/2024\/06\/Fohlen1-80x80.jpg 80w, https:\/\/hirtenhof-illsitz.com\/wp-content\/uploads\/2024\/06\/Fohlen1-320x320.jpg 320w, https:\/\/hirtenhof-illsitz.com\/wp-content\/uploads\/2024\/06\/Fohlen1-400x400.jpg 400w, https:\/\/hirtenhof-illsitz.com\/wp-content\/uploads\/2024\/06\/Fohlen1.jpg 1204w\" sizes=\"auto, (max-width: 1024px) 100vw, 1024px\" \/><\/figure>\n\n\n\n<figure class=\"wp-block-image size-large\"><img loading=\"lazy\" decoding=\"async\" width=\"1024\" height=\"1002\" data-id=\"3818\" src=\"https:\/\/hirtenhof-illsitz.com\/wp-content\/uploads\/2024\/02\/WhatsApp-Image-2024-03-15-at-07.43.57-e1710485186146-1024x1002.jpeg\" alt=\"\" class=\"wp-image-3818\" srcset=\"https:\/\/hirtenhof-illsitz.com\/wp-content\/uploads\/2024\/02\/WhatsApp-Image-2024-03-15-at-07.43.57-e1710485186146-1024x1002.jpeg 1024w, https:\/\/hirtenhof-illsitz.com\/wp-content\/uploads\/2024\/02\/WhatsApp-Image-2024-03-15-at-07.43.57-e1710485186146-300x294.jpeg 300w, https:\/\/hirtenhof-illsitz.com\/wp-content\/uploads\/2024\/02\/WhatsApp-Image-2024-03-15-at-07.43.57-e1710485186146-768x752.jpeg 768w, https:\/\/hirtenhof-illsitz.com\/wp-content\/uploads\/2024\/02\/WhatsApp-Image-2024-03-15-at-07.43.57-e1710485186146-600x587.jpeg 600w, https:\/\/hirtenhof-illsitz.com\/wp-content\/uploads\/2024\/02\/WhatsApp-Image-2024-03-15-at-07.43.57-e1710485186146-163x160.jpeg 163w, https:\/\/hirtenhof-illsitz.com\/wp-content\/uploads\/2024\/02\/WhatsApp-Image-2024-03-15-at-07.43.57-e1710485186146.jpeg 1170w\" sizes=\"auto, (max-width: 1024px) 100vw, 1024px\" \/><\/figure>\n\n\n\n<figure class=\"wp-block-image size-large\"><img loading=\"lazy\" decoding=\"async\" width=\"899\" height=\"899\" data-id=\"3759\" src=\"https:\/\/hirtenhof-illsitz.com\/wp-content\/uploads\/2024\/03\/425273068_18019899014026629_5208378961467335698_n.jpg\" alt=\"\" class=\"wp-image-3759\" srcset=\"https:\/\/hirtenhof-illsitz.com\/wp-content\/uploads\/2024\/03\/425273068_18019899014026629_5208378961467335698_n.jpg 899w, https:\/\/hirtenhof-illsitz.com\/wp-content\/uploads\/2024\/03\/425273068_18019899014026629_5208378961467335698_n-300x300.jpg 300w, https:\/\/hirtenhof-illsitz.com\/wp-content\/uploads\/2024\/03\/425273068_18019899014026629_5208378961467335698_n-150x150.jpg 150w, https:\/\/hirtenhof-illsitz.com\/wp-content\/uploads\/2024\/03\/425273068_18019899014026629_5208378961467335698_n-768x768.jpg 768w, https:\/\/hirtenhof-illsitz.com\/wp-content\/uploads\/2024\/03\/425273068_18019899014026629_5208378961467335698_n-600x600.jpg 600w, https:\/\/hirtenhof-illsitz.com\/wp-content\/uploads\/2024\/03\/425273068_18019899014026629_5208378961467335698_n-160x160.jpg 160w, https:\/\/hirtenhof-illsitz.com\/wp-content\/uploads\/2024\/03\/425273068_18019899014026629_5208378961467335698_n-80x80.jpg 80w, https:\/\/hirtenhof-illsitz.com\/wp-content\/uploads\/2024\/03\/425273068_18019899014026629_5208378961467335698_n-320x320.jpg 320w\" sizes=\"auto, (max-width: 899px) 100vw, 899px\" \/><\/figure>\n\n\n\n<figure class=\"wp-block-image size-large\"><img loading=\"lazy\" decoding=\"async\" width=\"1024\" height=\"1024\" data-id=\"3628\" src=\"https:\/\/hirtenhof-illsitz.com\/wp-content\/uploads\/2023\/11\/Fohlenreise3-1024x1024.jpg\" alt=\"\" class=\"wp-image-3628\" srcset=\"https:\/\/hirtenhof-illsitz.com\/wp-content\/uploads\/2023\/11\/Fohlenreise3-1024x1024.jpg 1024w, https:\/\/hirtenhof-illsitz.com\/wp-content\/uploads\/2023\/11\/Fohlenreise3-300x300.jpg 300w, https:\/\/hirtenhof-illsitz.com\/wp-content\/uploads\/2023\/11\/Fohlenreise3-150x150.jpg 150w, https:\/\/hirtenhof-illsitz.com\/wp-content\/uploads\/2023\/11\/Fohlenreise3-768x768.jpg 768w, https:\/\/hirtenhof-illsitz.com\/wp-content\/uploads\/2023\/11\/Fohlenreise3-600x600.jpg 600w, https:\/\/hirtenhof-illsitz.com\/wp-content\/uploads\/2023\/11\/Fohlenreise3-160x160.jpg 160w, https:\/\/hirtenhof-illsitz.com\/wp-content\/uploads\/2023\/11\/Fohlenreise3-80x80.jpg 80w, https:\/\/hirtenhof-illsitz.com\/wp-content\/uploads\/2023\/11\/Fohlenreise3-320x320.jpg 320w, https:\/\/hirtenhof-illsitz.com\/wp-content\/uploads\/2023\/11\/Fohlenreise3.jpg 1066w\" sizes=\"auto, (max-width: 1024px) 100vw, 1024px\" \/><\/figure>\n\n\n\n<figure class=\"wp-block-image size-large\"><img loading=\"lazy\" decoding=\"async\" width=\"1024\" height=\"1024\" data-id=\"3629\" src=\"https:\/\/hirtenhof-illsitz.com\/wp-content\/uploads\/2023\/11\/Fohlenreise1-1024x1024.jpg\" alt=\"\" class=\"wp-image-3629\" srcset=\"https:\/\/hirtenhof-illsitz.com\/wp-content\/uploads\/2023\/11\/Fohlenreise1-1024x1024.jpg 1024w, https:\/\/hirtenhof-illsitz.com\/wp-content\/uploads\/2023\/11\/Fohlenreise1-300x300.jpg 300w, https:\/\/hirtenhof-illsitz.com\/wp-content\/uploads\/2023\/11\/Fohlenreise1-150x150.jpg 150w, https:\/\/hirtenhof-illsitz.com\/wp-content\/uploads\/2023\/11\/Fohlenreise1-768x768.jpg 768w, https:\/\/hirtenhof-illsitz.com\/wp-content\/uploads\/2023\/11\/Fohlenreise1-600x600.jpg 600w, https:\/\/hirtenhof-illsitz.com\/wp-content\/uploads\/2023\/11\/Fohlenreise1-160x160.jpg 160w, https:\/\/hirtenhof-illsitz.com\/wp-content\/uploads\/2023\/11\/Fohlenreise1-80x80.jpg 80w, https:\/\/hirtenhof-illsitz.com\/wp-content\/uploads\/2023\/11\/Fohlenreise1-320x320.jpg 320w, https:\/\/hirtenhof-illsitz.com\/wp-content\/uploads\/2023\/11\/Fohlenreise1.jpg 1080w\" sizes=\"auto, (max-width: 1024px) 100vw, 1024px\" \/><\/figure>\n\n\n\n<figure class=\"wp-block-image size-large\"><img loading=\"lazy\" decoding=\"async\" width=\"1024\" height=\"683\" data-id=\"3755\" src=\"https:\/\/hirtenhof-illsitz.com\/wp-content\/uploads\/2024\/03\/0X1A9560-1024x683.jpg\" alt=\"\" class=\"wp-image-3755\" srcset=\"https:\/\/hirtenhof-illsitz.com\/wp-content\/uploads\/2024\/03\/0X1A9560-1024x683.jpg 1024w, https:\/\/hirtenhof-illsitz.com\/wp-content\/uploads\/2024\/03\/0X1A9560-300x200.jpg 300w, https:\/\/hirtenhof-illsitz.com\/wp-content\/uploads\/2024\/03\/0X1A9560-768x512.jpg 768w, https:\/\/hirtenhof-illsitz.com\/wp-content\/uploads\/2024\/03\/0X1A9560-391x260.jpg 391w, https:\/\/hirtenhof-illsitz.com\/wp-content\/uploads\/2024\/03\/0X1A9560-1536x1024.jpg 1536w, https:\/\/hirtenhof-illsitz.com\/wp-content\/uploads\/2024\/03\/0X1A9560-2048x1365.jpg 2048w, https:\/\/hirtenhof-illsitz.com\/wp-content\/uploads\/2024\/03\/0X1A9560-600x400.jpg 600w, https:\/\/hirtenhof-illsitz.com\/wp-content\/uploads\/2024\/03\/0X1A9560-240x160.jpg 240w\" sizes=\"auto, (max-width: 1024px) 100vw, 1024px\" \/><\/figure>\n\n\n\n<figure class=\"wp-block-image size-large\"><img loading=\"lazy\" decoding=\"async\" width=\"768\" height=\"1024\" data-id=\"3569\" src=\"https:\/\/hirtenhof-illsitz.com\/wp-content\/uploads\/2023\/01\/Atli-768x1024.jpg\" alt=\"\" class=\"wp-image-3569\" srcset=\"https:\/\/hirtenhof-illsitz.com\/wp-content\/uploads\/2023\/01\/Atli-768x1024.jpg 768w, https:\/\/hirtenhof-illsitz.com\/wp-content\/uploads\/2023\/01\/Atli-225x300.jpg 225w, https:\/\/hirtenhof-illsitz.com\/wp-content\/uploads\/2023\/01\/Atli-300x400.jpg 300w, https:\/\/hirtenhof-illsitz.com\/wp-content\/uploads\/2023\/01\/Atli-1152x1536.jpg 1152w, https:\/\/hirtenhof-illsitz.com\/wp-content\/uploads\/2023\/01\/Atli-1536x2048.jpg 1536w, https:\/\/hirtenhof-illsitz.com\/wp-content\/uploads\/2023\/01\/Atli-450x600.jpg 450w, https:\/\/hirtenhof-illsitz.com\/wp-content\/uploads\/2023\/01\/Atli-120x160.jpg 120w, https:\/\/hirtenhof-illsitz.com\/wp-content\/uploads\/2023\/01\/Atli-scaled.jpg 1920w\" sizes=\"auto, (max-width: 768px) 100vw, 768px\" \/><\/figure>\n<\/figure>\n","protected":false},"excerpt":{"rendered":"<p>Zucht Wir z\u00fcchten im kleinen Rahmen, haben 2-3 Fohlen pro Jahr. Seit 2019 haben wir unseren eigenen Deckhengst \u00c0boti fr\u00e1 Vatnsleysu. Seit 2025 verst\u00e4rkt unser Junghengst Dj\u00e1kni vom Idablick unsere Zucht. Unser Zuchtziel sind&#46;&#46;&#46;<\/p>\n","protected":false},"author":2,"featured_media":0,"parent":0,"menu_order":0,"comment_status":"closed","ping_status":"closed","template":"","meta":{"footnotes":""},"class_list":["post-1454","page","type-page","status-publish","hentry"],"_links":{"self":[{"href":"https:\/\/hirtenhof-illsitz.com\/index.php?rest_route=\/wp\/v2\/pages\/1454","targetHints":{"allow":["GET"]}}],"collection":[{"href":"https:\/\/hirtenhof-illsitz.com\/index.php?rest_route=\/wp\/v2\/pages"}],"about":[{"href":"https:\/\/hirtenhof-illsitz.com\/index.php?rest_route=\/wp\/v2\/types\/page"}],"author":[{"embeddable":true,"href":"https:\/\/hirtenhof-illsitz.com\/index.php?rest_route=\/wp\/v2\/users\/2"}],"replies":[{"embeddable":true,"href":"https:\/\/hirtenhof-illsitz.com\/index.php?rest_route=%2Fwp%2Fv2%2Fcomments&post=1454"}],"version-history":[{"count":10,"href":"https:\/\/hirtenhof-illsitz.com\/index.php?rest_route=\/wp\/v2\/pages\/1454\/revisions"}],"predecessor-version":[{"id":4263,"href":"https:\/\/hirtenhof-illsitz.com\/index.php?rest_route=\/wp\/v2\/pages\/1454\/revisions\/4263"}],"wp:attachment":[{"href":"https:\/\/hirtenhof-illsitz.com\/index.php?rest_route=%2Fwp%2Fv2%2Fmedia&parent=1454"}],"curies":[{"name":"wp","href":"https:\/\/api.w.org\/{rel}","templated":true}]}}