{"id":1435,"date":"2020-05-26T22:29:14","date_gmt":"2020-05-26T20:29:14","guid":{"rendered":"http:\/\/hirtenhof-illsitz.com\/?page_id=1435"},"modified":"2025-05-29T08:16:14","modified_gmt":"2025-05-29T06:16:14","slug":"aboti-fra-vatnsleysu","status":"publish","type":"page","link":"https:\/\/hirtenhof-illsitz.com\/?page_id=1435","title":{"rendered":"Aboti fr\u00e1 Vatnsleysu"},"content":{"rendered":"\n<h2 class=\"wp-block-heading\">Deckhengst &#8211; Aboti fr\u00e1 Vatnsleysu<\/h2>\n\n\n\n<div class=\"wp-block-image is-style-default\"><figure class=\"alignright size-large is-resized\"><img loading=\"lazy\" decoding=\"async\" src=\"http:\/\/hirtenhof-illsitz.com\/wp-content\/uploads\/2020\/05\/Aboti1-1024x683.jpg\" alt=\"\" class=\"wp-image-1444\" width=\"420\" height=\"279\" srcset=\"https:\/\/hirtenhof-illsitz.com\/wp-content\/uploads\/2020\/05\/Aboti1-1024x683.jpg 1024w, https:\/\/hirtenhof-illsitz.com\/wp-content\/uploads\/2020\/05\/Aboti1-300x200.jpg 300w, https:\/\/hirtenhof-illsitz.com\/wp-content\/uploads\/2020\/05\/Aboti1-768x512.jpg 768w, https:\/\/hirtenhof-illsitz.com\/wp-content\/uploads\/2020\/05\/Aboti1-1536x1024.jpg 1536w, https:\/\/hirtenhof-illsitz.com\/wp-content\/uploads\/2020\/05\/Aboti1-2048x1365.jpg 2048w\" sizes=\"auto, (max-width: 420px) 100vw, 420px\" \/><\/figure><\/div>\n\n\n\n<p>Jahrgang 1998<\/p>\n\n\n\n<p>Vater: Erill fr\u00e1 K\u00f3pavogi<\/p>\n\n\n\n<p>&nbsp;Mutter: Albina fr\u00e1 Vatnsleysu<\/p>\n\n\n\n<hr class=\"wp-block-separator\"\/>\n\n\n\n<p>Aboti ist m\u00fctterlicherseits der Halbbruder des ber\u00fchmten Glampi fr\u00e1 Vatnsleysu. Charakterlich ist er ein unglaublich angenehmer Herr, ein Gentleman durch und durch. Unkompliziert in jeder Situation, dabei sensibel, freundlich und leistungsbereit in jeder Sekunde. Auch im t\u00e4glichen Umgang absolut cool, wir haben ihn au\u00dferhalb der Decksaison im regelm\u00e4\u00dfigen Training und freuen uns an seiner Leichtrittigkeit und Vielseitigkeit.<\/p>\n\n\n\n<hr class=\"wp-block-separator\"\/>\n\n\n\n<p><strong>Materialbeurteilung (Island 2009):<\/strong><\/p>\n\n\n\n<p><strong>Gesamtnote: 8.16 <\/strong><\/p>\n\n\n\n<div class=\"wp-block-media-text alignwide has-media-on-the-right is-image-fill\" style=\"grid-template-columns:auto 45%\"><figure class=\"wp-block-media-text__media\" style=\"background-image:url(http:\/\/hirtenhof-illsitz.com\/wp-content\/uploads\/2020\/05\/Aboti5-1024x683.jpg);background-position:38.5% 100%\"><img loading=\"lazy\" decoding=\"async\" width=\"1024\" height=\"683\" src=\"http:\/\/hirtenhof-illsitz.com\/wp-content\/uploads\/2020\/05\/Aboti5-1024x683.jpg\" alt=\"\" class=\"wp-image-1439\" srcset=\"https:\/\/hirtenhof-illsitz.com\/wp-content\/uploads\/2020\/05\/Aboti5-1024x683.jpg 1024w, https:\/\/hirtenhof-illsitz.com\/wp-content\/uploads\/2020\/05\/Aboti5-300x200.jpg 300w, https:\/\/hirtenhof-illsitz.com\/wp-content\/uploads\/2020\/05\/Aboti5-768x512.jpg 768w, https:\/\/hirtenhof-illsitz.com\/wp-content\/uploads\/2020\/05\/Aboti5-1536x1024.jpg 1536w, https:\/\/hirtenhof-illsitz.com\/wp-content\/uploads\/2020\/05\/Aboti5-2048x1366.jpg 2048w\" sizes=\"auto, (max-width: 1024px) 100vw, 1024px\" \/><\/figure><div class=\"wp-block-media-text__content\">\n<ul class=\"wp-block-list\"><li>T\u00f6lt: 9.00 <\/li><li>Langsamer T\u00f6lt: 8.50 <\/li><li>Trab: 9.00<\/li><li>Pass: 5.00 <\/li><li>Galopp: 8.50<\/li><li>Langsamer Galopp: 8.50<\/li><li>Schritt: 8.50<\/li><li>Charakter und Gehwille: 9.00 <\/li><li>Form unter dem  Reiter: 8.50 <\/li><\/ul>\n\n\n\n<p><strong>Reiteigenschaften: 8.27<\/strong><\/p>\n<\/div><\/div>\n\n\n\n<div class=\"wp-block-media-text alignwide has-media-on-the-right is-image-fill\" style=\"grid-template-columns:auto 45%\"><figure class=\"wp-block-media-text__media\" style=\"background-image:url(http:\/\/hirtenhof-illsitz.com\/wp-content\/uploads\/2020\/05\/Aboti4-1024x683.jpg);background-position:44.5% 100%\"><img loading=\"lazy\" decoding=\"async\" width=\"1024\" height=\"683\" src=\"http:\/\/hirtenhof-illsitz.com\/wp-content\/uploads\/2020\/05\/Aboti4-1024x683.jpg\" alt=\"\" class=\"wp-image-1441\" srcset=\"https:\/\/hirtenhof-illsitz.com\/wp-content\/uploads\/2020\/05\/Aboti4-1024x683.jpg 1024w, https:\/\/hirtenhof-illsitz.com\/wp-content\/uploads\/2020\/05\/Aboti4-300x200.jpg 300w, https:\/\/hirtenhof-illsitz.com\/wp-content\/uploads\/2020\/05\/Aboti4-768x512.jpg 768w, https:\/\/hirtenhof-illsitz.com\/wp-content\/uploads\/2020\/05\/Aboti4-1536x1024.jpg 1536w, https:\/\/hirtenhof-illsitz.com\/wp-content\/uploads\/2020\/05\/Aboti4-2048x1366.jpg 2048w\" sizes=\"auto, (max-width: 1024px) 100vw, 1024px\" \/><\/figure><div class=\"wp-block-media-text__content\">\n<ul class=\"wp-block-list\"><li>Kopf: 7.50<\/li><li>Hals, Widerrist, Schulter: 8.00<\/li><li>R\u00fcckenlinie, Kruppe: 8.50<\/li><li>Proportionen: 8.50<\/li><li>Gliedma\u00dfen: 8.00  <\/li><li>Stellung der Gliedma\u00dfen: 7.00<\/li><li>Hufe: 8.00<\/li><li>M\u00e4hne und Schweif: 7.50 <\/li><\/ul>\n\n\n\n<p><strong>Exterieur: 8.00<\/strong><\/p>\n<\/div><\/div>\n","protected":false},"excerpt":{"rendered":"<p>Deckhengst &#8211; Aboti fr\u00e1 Vatnsleysu Jahrgang 1998 Vater: Erill fr\u00e1 K\u00f3pavogi &nbsp;Mutter: Albina fr\u00e1 Vatnsleysu Aboti ist m\u00fctterlicherseits der Halbbruder des ber\u00fchmten Glampi fr\u00e1 Vatnsleysu. Charakterlich ist er ein unglaublich angenehmer Herr, ein Gentleman&#46;&#46;&#46;<\/p>\n","protected":false},"author":2,"featured_media":0,"parent":0,"menu_order":0,"comment_status":"closed","ping_status":"closed","template":"","meta":{"footnotes":""},"class_list":["post-1435","page","type-page","status-publish","hentry"],"_links":{"self":[{"href":"https:\/\/hirtenhof-illsitz.com\/index.php?rest_route=\/wp\/v2\/pages\/1435","targetHints":{"allow":["GET"]}}],"collection":[{"href":"https:\/\/hirtenhof-illsitz.com\/index.php?rest_route=\/wp\/v2\/pages"}],"about":[{"href":"https:\/\/hirtenhof-illsitz.com\/index.php?rest_route=\/wp\/v2\/types\/page"}],"author":[{"embeddable":true,"href":"https:\/\/hirtenhof-illsitz.com\/index.php?rest_route=\/wp\/v2\/users\/2"}],"replies":[{"embeddable":true,"href":"https:\/\/hirtenhof-illsitz.com\/index.php?rest_route=%2Fwp%2Fv2%2Fcomments&post=1435"}],"version-history":[{"count":10,"href":"https:\/\/hirtenhof-illsitz.com\/index.php?rest_route=\/wp\/v2\/pages\/1435\/revisions"}],"predecessor-version":[{"id":1461,"href":"https:\/\/hirtenhof-illsitz.com\/index.php?rest_route=\/wp\/v2\/pages\/1435\/revisions\/1461"}],"wp:attachment":[{"href":"https:\/\/hirtenhof-illsitz.com\/index.php?rest_route=%2Fwp%2Fv2%2Fmedia&parent=1435"}],"curies":[{"name":"wp","href":"https:\/\/api.w.org\/{rel}","templated":true}]}}